{"id":123,"date":"2024-06-27T15:20:53","date_gmt":"2024-06-27T13:20:53","guid":{"rendered":"https:\/\/dev-grafit-test.pantheonsite.io\/?page_id=123"},"modified":"2024-09-12T11:47:54","modified_gmt":"2024-09-12T09:47:54","slug":"werykacja-oznakowania","status":"publish","type":"page","link":"https:\/\/grafit24.pl\/?page_id=123","title":{"rendered":"Weryfikacja"},"content":{"rendered":"<p>[et_pb_section fb_built=&#8221;1&#8243; admin_label=&#8221;Header&#8221; _builder_version=&#8221;4.16&#8243; use_background_color_gradient=&#8221;on&#8221; background_color_gradient_direction=&#8221;160deg&#8221; background_color_gradient_stops=&#8221;#ffffff 0%|#dbf0fc 100%&#8221; background_color_gradient_start=&#8221;#ffffff&#8221; background_color_gradient_end=&#8221;#dbf0fc&#8221; overflow-x=&#8221;hidden&#8221; overflow-y=&#8221;hidden&#8221; custom_margin=&#8221;||||false|false&#8221; custom_padding=&#8221;||||false|false&#8221; bottom_divider_style=&#8221;slant&#8221; bottom_divider_color=&#8221;#ffffff&#8221; bottom_divider_height=&#8221;50vw&#8221; bottom_divider_flip=&#8221;horizontal&#8221; locked=&#8221;off&#8221; global_colors_info=&#8221;{}&#8221;][et_pb_row column_structure=&#8221;3_5,2_5&#8243; _builder_version=&#8221;4.16&#8243; global_colors_info=&#8221;{}&#8221;][et_pb_column type=&#8221;3_5&#8243; _builder_version=&#8221;4.16&#8243; global_colors_info=&#8221;{}&#8221;][et_pb_text _builder_version=&#8221;4.24.2&#8243; header_font=&#8221;Heebo|300|||||||&#8221; header_text_color=&#8221;#0a2d61&#8243; header_font_size=&#8221;74px&#8221; header_font_size_tablet=&#8221;70px&#8221; header_font_size_phone=&#8221;36px&#8221; header_font_size_last_edited=&#8221;on|phone&#8221; locked=&#8221;off&#8221; global_colors_info=&#8221;{}&#8221;]<\/p>\n<h1><\/h1>\n<h1><strong>Weryfikacja oznakowania <\/strong>produkt\u00f3w spo\u017cywczych<\/h1>\n<p><strong><\/strong><\/p>\n<p>[\/et_pb_text][et_pb_button button_text=&#8221;Skontaktuj si\u0119 z nami!&#8221; button_alignment=&#8221;left&#8221; _builder_version=&#8221;4.24.2&#8243; custom_button=&#8221;on&#8221; button_text_size=&#8221;16px&#8221; button_text_color=&#8221;#ffffff&#8221; button_bg_color=&#8221;#091c4f&#8221; button_border_color=&#8221;rgba(0,0,0,0)&#8221; button_border_radius=&#8221;100px&#8221; button_letter_spacing=&#8221;2px&#8221; button_font=&#8221;Poppins|600|||||||&#8221; button_use_icon=&#8221;off&#8221; custom_padding=&#8221;16px|32px|16px|32px|true|true&#8221; hover_enabled=&#8221;0&#8243; box_shadow_style=&#8221;preset1&#8243; box_shadow_vertical=&#8221;20px&#8221; box_shadow_blur=&#8221;71px&#8221; box_shadow_spread=&#8221;-14px&#8221; box_shadow_color=&#8221;#091c4f&#8221; button_letter_spacing_hover=&#8221;2px&#8221; global_colors_info=&#8221;{}&#8221; button_text_size__hover_enabled=&#8221;off&#8221; button_one_text_size__hover_enabled=&#8221;off&#8221; button_two_text_size__hover_enabled=&#8221;off&#8221; button_text_color__hover_enabled=&#8221;off&#8221; button_one_text_color__hover_enabled=&#8221;off&#8221; button_two_text_color__hover_enabled=&#8221;off&#8221; button_border_width__hover_enabled=&#8221;off&#8221; button_one_border_width__hover_enabled=&#8221;off&#8221; button_two_border_width__hover_enabled=&#8221;off&#8221; button_border_color__hover_enabled=&#8221;off&#8221; button_one_border_color__hover_enabled=&#8221;off&#8221; button_two_border_color__hover_enabled=&#8221;off&#8221; button_border_radius__hover_enabled=&#8221;off&#8221; button_one_border_radius__hover_enabled=&#8221;off&#8221; button_two_border_radius__hover_enabled=&#8221;off&#8221; button_letter_spacing__hover_enabled=&#8221;on&#8221; button_letter_spacing__hover=&#8221;2px&#8221; button_one_letter_spacing__hover_enabled=&#8221;off&#8221; button_two_letter_spacing__hover_enabled=&#8221;off&#8221; button_bg_color__hover_enabled=&#8221;off&#8221; button_one_bg_color__hover_enabled=&#8221;off&#8221; button_two_bg_color__hover_enabled=&#8221;off&#8221; button_url=&#8221;http:\/\/grafit24.pl\/?page_id=81&#8243; sticky_enabled=&#8221;0&#8243;][\/et_pb_button][et_pb_blurb title=&#8221;(+48) 607 157 143&#8243; use_icon=&#8221;on&#8221; font_icon=&#8221;&#xe090;||divi||400&#8243; icon_color=&#8221;#0047d6&#8243; icon_placement=&#8221;left&#8221; image_icon_width=&#8221;24px&#8221; content_max_width=&#8221;100%&#8221; _builder_version=&#8221;4.24.2&#8243; header_font=&#8221;Heebo|800|||||||&#8221; header_font_size=&#8221;16px&#8221; header_line_height=&#8221;1.5em&#8221; body_font=&#8221;||||||||&#8221; body_font_size=&#8221;15px&#8221; body_line_height=&#8221;1.8em&#8221; header_font_size_tablet=&#8221;15px&#8221; header_font_size_phone=&#8221;14px&#8221; header_font_size_last_edited=&#8221;on|phone&#8221; body_font_size_tablet=&#8221;&#8221; body_font_size_phone=&#8221;14px&#8221; body_font_size_last_edited=&#8221;on|phone&#8221; icon_font_size=&#8221;24px&#8221; locked=&#8221;off&#8221; global_colors_info=&#8221;{}&#8221;][\/et_pb_blurb][\/et_pb_column][et_pb_column type=&#8221;2_5&#8243; _builder_version=&#8221;4.16&#8243; global_colors_info=&#8221;{}&#8221;][et_pb_image src=&#8221;http:\/\/grafit24.pl\/wp-content\/uploads\/2024\/07\/hvac-09.png&#8221; _builder_version=&#8221;4.16&#8243; max_width_tablet=&#8221;180px&#8221; max_width_phone=&#8221;&#8221; max_width_last_edited=&#8221;on|desktop&#8221; custom_margin=&#8221;-10vw|-20vw|-20vw||false|false&#8221; custom_margin_tablet=&#8221;0vw|0vw|0vw||false|false&#8221; custom_margin_phone=&#8221;&#8221; custom_margin_last_edited=&#8221;on|tablet&#8221; global_colors_info=&#8221;{}&#8221;][\/et_pb_image][\/et_pb_column][\/et_pb_row][et_pb_row column_structure=&#8221;1_2,1_2&#8243; use_custom_gutter=&#8221;on&#8221; gutter_width=&#8221;4&#8243; make_equal=&#8221;on&#8221; custom_padding_last_edited=&#8221;on|tablet&#8221; _builder_version=&#8221;4.16&#8243; background_color=&#8221;#ffffff&#8221; overflow-x=&#8221;visible&#8221; overflow-y=&#8221;visible&#8221; custom_margin=&#8221;|||||false&#8221; custom_padding=&#8221;80px|60px|80px|60px|true|true&#8221; custom_padding_tablet=&#8221;&#8221; custom_padding_phone=&#8221;30px|20px|30px|20px|true|true&#8221; box_shadow_style=&#8221;preset3&#8243; box_shadow_vertical=&#8221;26px&#8221; box_shadow_blur=&#8221;90px&#8221; box_shadow_spread=&#8221;-14px&#8221; box_shadow_color=&#8221;rgba(0,71,214,0.18)&#8221; locked=&#8221;off&#8221; global_colors_info=&#8221;{}&#8221; box_shadow_vertical__hover=&#8221;10px&#8221; box_shadow_vertical__hover_enabled=&#8221;off&#8221; box_shadow_blur__hover=&#8221;20px&#8221; box_shadow_blur__hover_enabled=&#8221;off&#8221; box_shadow_color__hover=&#8221;#2585b2&#8243;][et_pb_column type=&#8221;1_2&#8243; _builder_version=&#8221;4.16&#8243; custom_padding_tablet=&#8221;0px||||false|false&#8221; custom_padding_last_edited=&#8221;off|tablet&#8221; global_colors_info=&#8221;{}&#8221;][et_pb_text _builder_version=&#8221;4.24.2&#8243; text_font=&#8221;||||||||&#8221; text_font_size=&#8221;17px&#8221; text_line_height=&#8221;1.8em&#8221; header_3_font=&#8221;Heebo|800|||||||&#8221; header_3_font_size=&#8221;28px&#8221; header_3_line_height=&#8221;1.2em&#8221; text_font_size_tablet=&#8221;17px&#8221; text_font_size_phone=&#8221;14px&#8221; text_font_size_last_edited=&#8221;on|phone&#8221; header_3_font_tablet=&#8221;Heebo|700|||||||&#8221; header_3_font_phone=&#8221;&#8221; header_3_font_last_edited=&#8221;on|phone&#8221; header_3_font_size_tablet=&#8221;24px&#8221; header_3_font_size_phone=&#8221;18px&#8221; header_3_font_size_last_edited=&#8221;on|phone&#8221; locked=&#8221;off&#8221; global_colors_info=&#8221;{}&#8221;]<\/p>\n<h3><strong>Znakowanie \u017cywno\u015bci<\/strong><\/h3>\n<p><strong>Znakowanie \u017cywno\u015bci<\/strong> to kluczowy element w zapewnieniu konsumentom informacji o produktach, kt\u00f3re kupuj\u0105 i spo\u017cywaj\u0105. Zgodnie z przepisami prawa, obowi\u0105zkowi znakowania podlegaj\u0105 wszystkie produkty spo\u017cywcze, zar\u00f3wno te przeznaczone do sprzeda\u017cy detalicznej, jak i hurtowej. Dotyczy to zar\u00f3wno \u017cywno\u015bci paczkowanej, jak i niepakowanej, w tym produkt\u00f3w \u015bwie\u017cych, takich jak owoce, warzywa, mi\u0119so czy pieczywo. Znakowanie \u017cywno\u015bci jest szczeg\u00f3lnie wa\u017cne w przypadku produkt\u00f3w, kt\u00f3re mog\u0105 mie\u0107 wp\u0142yw na zdrowie konsumenta, jak np. produkty alergenne, specjalistyczna \u017cywno\u015b\u0107 dla dzieci, czy produkty dietetyczne. Celem znakowania jest nie tylko zapewnienie przejrzysto\u015bci i \u0142atwo\u015bci dost\u0119pu do informacji, ale r\u00f3wnie\u017c ochrona konsument\u00f3w przed wprowadzeniem w b\u0142\u0105d.<\/p>\n<p>Firma Grafit specjalizuje si\u0119 w weryfikacji oznakowania produkt\u00f3w spo\u017cywczych, zapewniaj\u0105c jej zgodno\u015b\u0107 z obowi\u0105zuj\u0105cymi przepisami prawnymi. Nasz zesp\u00f3\u0142 ekspert\u00f3w dok\u0142adnie sprawdza, czy wszystkie wymagane informacje s\u0105 prawid\u0142owo umieszczone na etykietach, aby zapewni\u0107 bezpiecze\u0144stwo konsumentom, i unikn\u0105\u0107 potencjalnych narusze\u0144 czy strat wizerunkowych marki klienta. Weryfikujemy zar\u00f3wno oznakowanie alergen\u00f3w, czy termin\u00f3w przydatno\u015bci, jak i inne istotne elementy opakowa\u0144 produkt\u00f3w. Z nami masz pewno\u015b\u0107, \u017ce Twoje produkty spe\u0142niaj\u0105 wszystkie standardy prawne i bran\u017cowe.<\/p>\n<p>[\/et_pb_text][\/et_pb_column][et_pb_column type=&#8221;1_2&#8243; _builder_version=&#8221;4.16&#8243; global_colors_info=&#8221;{}&#8221;][et_pb_text _builder_version=&#8221;4.24.2&#8243; text_font=&#8221;||||||||&#8221; text_font_size=&#8221;17px&#8221; text_line_height=&#8221;1.8em&#8221; header_3_font=&#8221;Heebo|800|||||||&#8221; header_3_font_size=&#8221;28px&#8221; header_3_line_height=&#8221;1.2em&#8221; text_font_size_tablet=&#8221;17px&#8221; text_font_size_phone=&#8221;14px&#8221; text_font_size_last_edited=&#8221;on|phone&#8221; header_3_font_tablet=&#8221;Heebo|700|||||||&#8221; header_3_font_phone=&#8221;&#8221; header_3_font_last_edited=&#8221;on|phone&#8221; header_3_font_size_tablet=&#8221;24px&#8221; header_3_font_size_phone=&#8221;18px&#8221; header_3_font_size_last_edited=&#8221;on|phone&#8221; locked=&#8221;off&#8221; global_colors_info=&#8221;{}&#8221;]<\/p>\n<h3><strong>Wymagane informacje <\/strong><\/h3>\n<p>Na opakowaniach i etykietach produkt\u00f3w spo\u017cywczych, powinno znajdowa\u0107 si\u0119 wiele kluczowych informacji, \u015bwiadcz\u0105cych o bezpiecze\u0144stwie i sk\u0142adzie danego produktu.<\/p>\n<ul>\n<li><strong>Nazwa produktu<\/strong> \u2013 jasne okre\u015blenie, co znajduje si\u0119 w opakowaniu.<\/li>\n<li><strong>Sk\u0142adniki<\/strong> \u2013 pe\u0142na lista sk\u0142adnik\u00f3w, z wyszczeg\u00f3lnieniem alergen\u00f3w.<\/li>\n<li><strong>Warto\u015bci od\u017cywcze<\/strong> \u2013 informacje o kaloriach, t\u0142uszczach, bia\u0142kach, w\u0119glowodanach itp.<\/li>\n<li><strong>Data przydatno\u015bci do spo\u017cycia<\/strong> lub <strong>termin minimalnej trwa\u0142o\u015bci<\/strong> \u2013 wskazuje do kiedy produkt mo\u017cna bezpiecznie spo\u017cywa\u0107.<\/li>\n<li><strong>Masa netto<\/strong> lub <strong>obj\u0119to\u015b\u0107<\/strong> \u2013 dok\u0142adna ilo\u015b\u0107 produktu w opakowaniu.<\/li>\n<li><strong>Warunki przechowywania<\/strong> \u2013 informacje o tym, jak produkt powinien by\u0107 przechowywany, aby zachowa\u0107 jego w\u0142a\u015bciwo\u015bci.<\/li>\n<li><strong>Dane producenta<\/strong> \u2013 nazwa i adres producenta, dystrybutora lub importera.<\/li>\n<\/ul>\n<p>[\/et_pb_text][et_pb_image src=&#8221;http:\/\/grafit24.pl\/wp-content\/uploads\/2024\/07\/5.-Plakaty-i-ulotki-reklamowe.png&#8221; alt=&#8221;ulotki&#8221; title_text=&#8221;5. Plakaty i ulotki reklamowe&#8221; _builder_version=&#8221;4.24.2&#8243; _module_preset=&#8221;default&#8221; global_colors_info=&#8221;{}&#8221;][\/et_pb_image][\/et_pb_column][\/et_pb_row][\/et_pb_section][et_pb_section fb_built=&#8221;1&#8243; custom_padding_last_edited=&#8221;on|tablet&#8221; admin_label=&#8221;Feature&#8221; _builder_version=&#8221;4.24.2&#8243; background_color=&#8221;rgba(239,103,40,0.96)&#8221; use_background_color_gradient=&#8221;on&#8221; background_color_gradient_stops=&#8221;#ffffff 19%|gcid-971a3246-f1b6-433c-adaa-99e093d60690 99%&#8221; background_color_gradient_start=&#8221;#ffffff&#8221; background_color_gradient_start_position=&#8221;19%&#8221; background_color_gradient_end=&#8221;#b3afff&#8221; parallax=&#8221;on&#8221; custom_padding=&#8221;10vw||||false|false&#8221; custom_padding_tablet=&#8221;||10vw&#8221; custom_padding_phone=&#8221;&#8221; bottom_divider_style=&#8221;wave2&#8243; bottom_divider_color=&#8221;gcid-971a3246-f1b6-433c-adaa-99e093d60690&#8243; bottom_divider_height=&#8221;29vw&#8221; bottom_divider_repeat=&#8221;0.7x&#8221; bottom_divider_height_tablet=&#8221;90px&#8221; bottom_divider_height_phone=&#8221;&#8221; bottom_divider_height_last_edited=&#8221;on|tablet&#8221; bottom_divider_repeat_tablet=&#8221;0x&#8221; bottom_divider_repeat_phone=&#8221;&#8221; bottom_divider_repeat_last_edited=&#8221;on|desktop&#8221; custom_width_px__hover=&#8221;1080px&#8221; custom_width_px__hover_enabled=&#8221;1080px&#8221; custom_width_percent__hover=&#8221;80%&#8221; custom_width_percent__hover_enabled=&#8221;80%&#8221; locked=&#8221;off&#8221; global_colors_info=&#8221;{%22gcid-971a3246-f1b6-433c-adaa-99e093d60690%22:%91%22bottom_divider_color%22%93}&#8221; gutter_width__hover=&#8221;3&#8243; gutter_width__hover_enabled=&#8221;3&#8243; parallax_1__hover=&#8221;off&#8221; parallax_1__hover_enabled=&#8221;off&#8221; parallax_2__hover=&#8221;off&#8221; parallax_2__hover_enabled=&#8221;off&#8221; parallax_3__hover=&#8221;off&#8221; parallax_3__hover_enabled=&#8221;off&#8221; parallax_method_1__hover=&#8221;on&#8221; parallax_method_1__hover_enabled=&#8221;on&#8221; parallax_method_2__hover=&#8221;on&#8221; parallax_method_2__hover_enabled=&#8221;on&#8221; parallax_method_3__hover=&#8221;on&#8221; parallax_method_3__hover_enabled=&#8221;on&#8221; use_background_color_gradient__hover=&#8221;off&#8221; use_background_color_gradient__hover_enabled=&#8221;off&#8221; background_color_gradient_start__hover=&#8221;#2b87da&#8221; background_color_gradient_start__hover_enabled=&#8221;#2b87da&#8221; background_color_gradient_end__hover=&#8221;#29c4a9&#8243; background_color_gradient_end__hover_enabled=&#8221;#29c4a9&#8243; background_color_gradient_direction__hover=&#8221;180deg&#8221; background_color_gradient_direction__hover_enabled=&#8221;180deg&#8221; background_color_gradient_type__hover=&#8221;linear&#8221; background_color_gradient_type__hover_enabled=&#8221;linear&#8221; background_color_gradient_direction_radial__hover=&#8221;center&#8221; background_color_gradient_direction_radial__hover_enabled=&#8221;center&#8221; background_color_gradient_start_position__hover=&#8221;0%&#8221; background_color_gradient_start_position__hover_enabled=&#8221;0%&#8221; background_color_gradient_end_position__hover=&#8221;100%&#8221; background_color_gradient_end_position__hover_enabled=&#8221;100%&#8221; background_color_gradient_overlays_image__hover=&#8221;off&#8221; background_color_gradient_overlays_image__hover_enabled=&#8221;off&#8221; parallax__hover=&#8221;off&#8221; parallax__hover_enabled=&#8221;off&#8221; parallax_method__hover=&#8221;on&#8221; parallax_method__hover_enabled=&#8221;on&#8221; background_size__hover=&#8221;cover&#8221; background_size__hover_enabled=&#8221;cover&#8221; background_position__hover=&#8221;center&#8221; background_position__hover_enabled=&#8221;center&#8221; background_repeat__hover=&#8221;no-repeat&#8221; background_repeat__hover_enabled=&#8221;no-repeat&#8221; background_blend__hover=&#8221;normal&#8221; background_blend__hover_enabled=&#8221;normal&#8221; allow_player_pause__hover=&#8221;off&#8221; allow_player_pause__hover_enabled=&#8221;off&#8221; background_video_pause_outside_viewport__hover=&#8221;on&#8221; background_video_pause_outside_viewport__hover_enabled=&#8221;on&#8221; inner_shadow__hover=&#8221;off&#8221; inner_shadow__hover_enabled=&#8221;off&#8221; make_fullwidth__hover=&#8221;off&#8221; make_fullwidth__hover_enabled=&#8221;off&#8221; use_custom_width__hover=&#8221;off&#8221; use_custom_width__hover_enabled=&#8221;off&#8221; width_unit__hover=&#8221;on&#8221; width_unit__hover_enabled=&#8221;on&#8221; make_equal__hover=&#8221;off&#8221; make_equal__hover_enabled=&#8221;off&#8221; use_custom_gutter__hover=&#8221;off&#8221; use_custom_gutter__hover_enabled=&#8221;off&#8221; border_radii__hover=&#8221;on||||&#8221; border_radii__hover_enabled=&#8221;on||||&#8221; box_shadow_style__hover=&#8221;none&#8221; box_shadow_style__hover_enabled=&#8221;none&#8221; box_shadow_color__hover=&#8221;rgba(0,0,0,0.3)&#8221; box_shadow_color__hover_enabled=&#8221;rgba(0,0,0,0.3)&#8221; max_width__hover=&#8221;100%&#8221; max_width__hover_enabled=&#8221;100%&#8221; filter_hue_rotate__hover=&#8221;0deg&#8221; filter_hue_rotate__hover_enabled=&#8221;0deg&#8221; filter_saturate__hover=&#8221;100%&#8221; filter_saturate__hover_enabled=&#8221;100%&#8221; filter_brightness__hover=&#8221;100%&#8221; filter_brightness__hover_enabled=&#8221;100%&#8221; filter_contrast__hover=&#8221;100%&#8221; filter_contrast__hover_enabled=&#8221;100%&#8221; filter_invert__hover=&#8221;0%&#8221; filter_invert__hover_enabled=&#8221;0%&#8221; filter_sepia__hover=&#8221;0%&#8221; filter_sepia__hover_enabled=&#8221;0%&#8221; filter_opacity__hover=&#8221;100%&#8221; filter_opacity__hover_enabled=&#8221;100%&#8221; filter_blur__hover=&#8221;0px&#8221; filter_blur__hover_enabled=&#8221;0px&#8221; mix_blend_mode__hover=&#8221;normal&#8221; mix_blend_mode__hover_enabled=&#8221;normal&#8221; animation_style__hover=&#8221;none&#8221; animation_style__hover_enabled=&#8221;none&#8221; animation_repeat__hover=&#8221;once&#8221; animation_repeat__hover_enabled=&#8221;once&#8221; animation_direction__hover=&#8221;center&#8221; animation_direction__hover_enabled=&#8221;center&#8221; animation_duration__hover=&#8221;1000ms&#8221; animation_duration__hover_enabled=&#8221;1000ms&#8221; animation_delay__hover=&#8221;0ms&#8221; animation_delay__hover_enabled=&#8221;0ms&#8221; animation_intensity_slide__hover=&#8221;50%&#8221; animation_intensity_slide__hover_enabled=&#8221;50%&#8221; animation_intensity_zoom__hover=&#8221;50%&#8221; animation_intensity_zoom__hover_enabled=&#8221;50%&#8221; animation_intensity_flip__hover=&#8221;50%&#8221; animation_intensity_flip__hover_enabled=&#8221;50%&#8221; animation_intensity_fold__hover=&#8221;50%&#8221; animation_intensity_fold__hover_enabled=&#8221;50%&#8221; animation_intensity_roll__hover=&#8221;50%&#8221; animation_intensity_roll__hover_enabled=&#8221;50%&#8221; animation_starting_opacity__hover=&#8221;0%&#8221; animation_starting_opacity__hover_enabled=&#8221;0%&#8221; animation_speed_curve__hover=&#8221;ease-in-out&#8221; animation_speed_curve__hover_enabled=&#8221;ease-in-out&#8221; hover_transition_duration__hover=&#8221;300ms&#8221; hover_transition_duration__hover_enabled=&#8221;300ms&#8221; hover_transition_delay__hover=&#8221;0ms&#8221; hover_transition_delay__hover_enabled=&#8221;0ms&#8221; hover_transition_speed_curve__hover=&#8221;ease&#8221; hover_transition_speed_curve__hover_enabled=&#8221;ease&#8221; background_color_gradient_stops__hover=&#8221;#2b87da 0%|#29c4a9 100%&#8221;][et_pb_row column_structure=&#8221;1_2,1_2&#8243; _builder_version=&#8221;4.16&#8243; global_colors_info=&#8221;{}&#8221;][et_pb_column type=&#8221;1_2&#8243; _builder_version=&#8221;4.16&#8243; custom_padding=&#8221;|||&#8221; global_colors_info=&#8221;{}&#8221; custom_padding__hover=&#8221;|||&#8221;][et_pb_image src=&#8221;http:\/\/grafit24.pl\/wp-content\/uploads\/2024\/06\/software-23.png&#8221; align_tablet=&#8221;center&#8221; align_phone=&#8221;center&#8221; align_last_edited=&#8221;on|desktop&#8221; _builder_version=&#8221;4.24.2&#8243; custom_margin=&#8221;|||-8vw&#8221; custom_margin_tablet=&#8221;|||0vw&#8221; custom_margin_phone=&#8221;&#8221; custom_margin_last_edited=&#8221;on|tablet&#8221; animation_style=&#8221;zoom&#8221; animation_direction=&#8221;left&#8221; animation_intensity_zoom=&#8221;10%&#8221; global_colors_info=&#8221;{}&#8221;][\/et_pb_image][\/et_pb_column][et_pb_column type=&#8221;1_2&#8243; _builder_version=&#8221;4.16&#8243; custom_padding=&#8221;|||&#8221; global_colors_info=&#8221;{}&#8221; custom_padding__hover=&#8221;|||&#8221;][et_pb_text _builder_version=&#8221;4.24.2&#8243; header_font=&#8221;Heebo|300|||||||&#8221; header_text_color=&#8221;#0a2d61&#8243; header_font_size=&#8221;54px&#8221; header_font_size_tablet=&#8221;70px&#8221; header_font_size_phone=&#8221;36px&#8221; header_font_size_last_edited=&#8221;on|phone&#8221; locked=&#8221;off&#8221; global_colors_info=&#8221;{}&#8221;]<\/p>\n<h1><\/h1>\n<h1><strong>Implementacja <\/strong>wymaga\u0144 prawnych<\/h1>\n<p><strong><\/strong><\/p>\n<p>[\/et_pb_text][et_pb_text _builder_version=&#8221;4.24.2&#8243; text_font=&#8221;Montserrat||||||||&#8221; text_text_color=&#8221;#ffffff&#8221; text_font_size=&#8221;16px&#8221; text_line_height=&#8221;2em&#8221; header_2_font=&#8221;Poppins|600|||||||&#8221; header_2_font_size=&#8221;46px&#8221; header_2_line_height=&#8221;1.4em&#8221; header_3_font=&#8221;Poppins|600||on|||||&#8221; header_3_text_color=&#8221;#ff885a&#8221; header_3_font_size=&#8221;18px&#8221; header_3_letter_spacing=&#8221;2px&#8221; header_3_line_height=&#8221;1.8em&#8221; max_width=&#8221;700px&#8221; header_2_font_size_tablet=&#8221;26px&#8221; header_2_font_size_phone=&#8221;20px&#8221; header_2_font_size_last_edited=&#8221;on|phone&#8221; text_text_shadow_style=&#8221;preset3&#8243; text_text_shadow_horizontal_length=&#8221;0.1em&#8221; text_text_shadow_vertical_length=&#8221;0.1em&#8221; global_colors_info=&#8221;{}&#8221;]<\/p>\n<h2><\/h2>\n<p>W ramach naszych us\u0142ug, zapewniamy profesjonaln\u0105 pomoc w implementacji wymaga\u0144 prawnych zwi\u0105zanych z oznakowaniem produkt\u00f3w \u017cywno\u015bciowych. Dok\u0142adnie sprawdzamy, czy wszystkie, niezb\u0119dne informacje, takie jak sk\u0142adniki, alergenno\u015b\u0107, warto\u015b\u0107 od\u017cywcza, czy termin do spo\u017cycia, s\u0105 umieszczone na opakowaniu zgodnie z obowi\u0105zuj\u0105cymi przepisami. Nasze doradztwo pomaga unikn\u0105\u0107 b\u0142\u0119d\u00f3w, kt\u00f3re mog\u0142yby skutkowa\u0107 problemami prawnymi. Dzi\u0119ki nam, Twoje produkty zawsze b\u0119d\u0105 zgodne z obowi\u0105zuj\u0105cymi normami.<\/p>\n<p>[\/et_pb_text][et_pb_button button_text=&#8221;Skontaktuj si\u0119!&#8221; _builder_version=&#8221;4.24.2&#8243; custom_button=&#8221;on&#8221; button_text_size=&#8221;16px&#8221; button_text_color=&#8221;#ffffff&#8221; button_bg_use_color_gradient=&#8221;on&#8221; button_bg_color_gradient_stops=&#8221;#e09900 0%|gcid-cfe09cb2-9c5a-4ddb-af7a-c5f9c4c582b0 100%&#8221; button_border_color=&#8221;rgba(0,0,0,0)&#8221; button_border_radius=&#8221;100px&#8221; button_letter_spacing=&#8221;2px&#8221; button_font=&#8221;Poppins|600|||||||&#8221; button_use_icon=&#8221;off&#8221; custom_padding=&#8221;16px|32px|16px|32px|true|true&#8221; hover_enabled=&#8221;0&#8243; box_shadow_style=&#8221;preset1&#8243; box_shadow_vertical=&#8221;20px&#8221; box_shadow_blur=&#8221;71px&#8221; box_shadow_spread=&#8221;-14px&#8221; box_shadow_color=&#8221;#091c4f&#8221; locked=&#8221;off&#8221; global_colors_info=&#8221;{%22gcid-cfe09cb2-9c5a-4ddb-af7a-c5f9c4c582b0%22:%91%22button_bg_color%22%93}&#8221; button_text_size__hover_enabled=&#8221;off&#8221; button_text_color__hover_enabled=&#8221;off&#8221; button_bg_color__hover_enabled=&#8221;off&#8221; button_border_color__hover_enabled=&#8221;off&#8221; button_border_radius__hover_enabled=&#8221;off&#8221; button_letter_spacing__hover=&#8221;2px&#8221; button_letter_spacing__hover_enabled=&#8221;on&#8221; button_border_width__hover_enabled=&#8221;off&#8221; button_url=&#8221;http:\/\/grafit24.pl\/?page_id=81&#8243; sticky_enabled=&#8221;0&#8243;][\/et_pb_button][\/et_pb_column][\/et_pb_row][\/et_pb_section]<\/p>\n","protected":false},"excerpt":{"rendered":"<p>Weryfikacja oznakowania produkt\u00f3w spo\u017cywczych Znakowanie \u017cywno\u015bci Znakowanie \u017cywno\u015bci to kluczowy element w zapewnieniu konsumentom informacji o produktach, kt\u00f3re kupuj\u0105 i spo\u017cywaj\u0105. Zgodnie z przepisami prawa, obowi\u0105zkowi znakowania podlegaj\u0105 wszystkie produkty spo\u017cywcze, zar\u00f3wno te przeznaczone do sprzeda\u017cy detalicznej, jak i hurtowej. Dotyczy to zar\u00f3wno \u017cywno\u015bci paczkowanej, jak i niepakowanej, w tym produkt\u00f3w \u015bwie\u017cych, takich jak owoce, [&hellip;]<\/p>\n","protected":false},"author":1,"featured_media":0,"parent":0,"menu_order":0,"comment_status":"closed","ping_status":"closed","template":"","meta":{"_et_pb_use_builder":"on","_et_pb_old_content":"","_et_gb_content_width":"","footnotes":""},"class_list":["post-123","page","type-page","status-publish","hentry"],"_links":{"self":[{"href":"https:\/\/grafit24.pl\/index.php?rest_route=\/wp\/v2\/pages\/123","targetHints":{"allow":["GET"]}}],"collection":[{"href":"https:\/\/grafit24.pl\/index.php?rest_route=\/wp\/v2\/pages"}],"about":[{"href":"https:\/\/grafit24.pl\/index.php?rest_route=\/wp\/v2\/types\/page"}],"author":[{"embeddable":true,"href":"https:\/\/grafit24.pl\/index.php?rest_route=\/wp\/v2\/users\/1"}],"replies":[{"embeddable":true,"href":"https:\/\/grafit24.pl\/index.php?rest_route=%2Fwp%2Fv2%2Fcomments&post=123"}],"version-history":[{"count":8,"href":"https:\/\/grafit24.pl\/index.php?rest_route=\/wp\/v2\/pages\/123\/revisions"}],"predecessor-version":[{"id":8454,"href":"https:\/\/grafit24.pl\/index.php?rest_route=\/wp\/v2\/pages\/123\/revisions\/8454"}],"wp:attachment":[{"href":"https:\/\/grafit24.pl\/index.php?rest_route=%2Fwp%2Fv2%2Fmedia&parent=123"}],"curies":[{"name":"wp","href":"https:\/\/api.w.org\/{rel}","templated":true}]}}