{"id":80,"date":"2024-06-27T14:51:19","date_gmt":"2024-06-27T12:51:19","guid":{"rendered":"https:\/\/dev-grafit-test.pantheonsite.io\/?page_id=80"},"modified":"2024-09-12T11:46:00","modified_gmt":"2024-09-12T09:46:00","slug":"doradztwo","status":"publish","type":"page","link":"https:\/\/grafit24.pl\/?page_id=80","title":{"rendered":"Doradztwo"},"content":{"rendered":"<p>[et_pb_section fb_built=&#8221;1&#8243; admin_label=&#8221;Header&#8221; _builder_version=&#8221;4.16&#8243; use_background_color_gradient=&#8221;on&#8221; background_color_gradient_direction=&#8221;160deg&#8221; background_color_gradient_stops=&#8221;#ffffff 0%|#dbf0fc 100%&#8221; background_color_gradient_start=&#8221;#ffffff&#8221; background_color_gradient_end=&#8221;#dbf0fc&#8221; overflow-x=&#8221;hidden&#8221; overflow-y=&#8221;hidden&#8221; custom_margin=&#8221;||||false|false&#8221; custom_padding=&#8221;||||false|false&#8221; bottom_divider_style=&#8221;slant&#8221; bottom_divider_color=&#8221;#ffffff&#8221; bottom_divider_height=&#8221;50vw&#8221; bottom_divider_flip=&#8221;horizontal&#8221; locked=&#8221;off&#8221; global_colors_info=&#8221;{}&#8221;][et_pb_row column_structure=&#8221;3_5,2_5&#8243; _builder_version=&#8221;4.16&#8243; global_colors_info=&#8221;{}&#8221;][et_pb_column type=&#8221;3_5&#8243; _builder_version=&#8221;4.16&#8243; global_colors_info=&#8221;{}&#8221;][et_pb_text _builder_version=&#8221;4.16&#8243; header_font=&#8221;Heebo|300|||||||&#8221; header_text_color=&#8221;#0a2d61&#8243; header_font_size=&#8221;110px&#8221; header_font_size_tablet=&#8221;70px&#8221; header_font_size_phone=&#8221;36px&#8221; header_font_size_last_edited=&#8221;on|phone&#8221; locked=&#8221;off&#8221; global_colors_info=&#8221;{}&#8221;]<\/p>\n<h1>Doradztwo<strong> <\/strong><\/h1>\n<h1><strong>Eksperckie<\/strong><\/h1>\n<p>[\/et_pb_text][et_pb_button button_text=&#8221;Skontaktuj si\u0119 z nami!&#8221; button_alignment=&#8221;left&#8221; _builder_version=&#8221;4.24.2&#8243; custom_button=&#8221;on&#8221; button_text_size=&#8221;16px&#8221; button_text_color=&#8221;#ffffff&#8221; button_bg_color=&#8221;#091c4f&#8221; button_border_color=&#8221;rgba(0,0,0,0)&#8221; button_border_radius=&#8221;100px&#8221; button_letter_spacing=&#8221;2px&#8221; button_font=&#8221;Poppins|600|||||||&#8221; button_use_icon=&#8221;off&#8221; custom_padding=&#8221;16px|32px|16px|32px|true|true&#8221; hover_enabled=&#8221;0&#8243; box_shadow_style=&#8221;preset1&#8243; box_shadow_vertical=&#8221;20px&#8221; box_shadow_blur=&#8221;71px&#8221; box_shadow_spread=&#8221;-14px&#8221; box_shadow_color=&#8221;#091c4f&#8221; button_letter_spacing_hover=&#8221;2px&#8221; global_colors_info=&#8221;{}&#8221; button_text_size__hover_enabled=&#8221;off&#8221; button_one_text_size__hover_enabled=&#8221;off&#8221; button_two_text_size__hover_enabled=&#8221;off&#8221; button_text_color__hover_enabled=&#8221;off&#8221; button_one_text_color__hover_enabled=&#8221;off&#8221; button_two_text_color__hover_enabled=&#8221;off&#8221; button_border_width__hover_enabled=&#8221;off&#8221; button_one_border_width__hover_enabled=&#8221;off&#8221; button_two_border_width__hover_enabled=&#8221;off&#8221; button_border_color__hover_enabled=&#8221;off&#8221; button_one_border_color__hover_enabled=&#8221;off&#8221; button_two_border_color__hover_enabled=&#8221;off&#8221; button_border_radius__hover_enabled=&#8221;off&#8221; button_one_border_radius__hover_enabled=&#8221;off&#8221; button_two_border_radius__hover_enabled=&#8221;off&#8221; button_letter_spacing__hover_enabled=&#8221;on&#8221; button_letter_spacing__hover=&#8221;2px&#8221; button_one_letter_spacing__hover_enabled=&#8221;off&#8221; button_two_letter_spacing__hover_enabled=&#8221;off&#8221; button_bg_color__hover_enabled=&#8221;off&#8221; button_one_bg_color__hover_enabled=&#8221;off&#8221; button_two_bg_color__hover_enabled=&#8221;off&#8221; button_url=&#8221;http:\/\/grafit24.pl\/?page_id=81&#8243; sticky_enabled=&#8221;0&#8243;][\/et_pb_button][et_pb_blurb title=&#8221;(+48) 607 157 143&#8243; use_icon=&#8221;on&#8221; font_icon=&#8221;&#xe090;||divi||400&#8243; icon_color=&#8221;#0047d6&#8243; icon_placement=&#8221;left&#8221; image_icon_width=&#8221;24px&#8221; content_max_width=&#8221;100%&#8221; _builder_version=&#8221;4.24.2&#8243; header_font=&#8221;Heebo|800|||||||&#8221; header_font_size=&#8221;16px&#8221; header_line_height=&#8221;1.5em&#8221; body_font=&#8221;||||||||&#8221; body_font_size=&#8221;15px&#8221; body_line_height=&#8221;1.8em&#8221; header_font_size_tablet=&#8221;15px&#8221; header_font_size_phone=&#8221;14px&#8221; header_font_size_last_edited=&#8221;on|phone&#8221; body_font_size_tablet=&#8221;&#8221; body_font_size_phone=&#8221;14px&#8221; body_font_size_last_edited=&#8221;on|phone&#8221; icon_font_size=&#8221;24px&#8221; locked=&#8221;off&#8221; global_colors_info=&#8221;{}&#8221;][\/et_pb_blurb][\/et_pb_column][et_pb_column type=&#8221;2_5&#8243; _builder_version=&#8221;4.16&#8243; global_colors_info=&#8221;{}&#8221;][et_pb_image src=&#8221;http:\/\/grafit24.pl\/wp-content\/uploads\/2024\/07\/hvac-09.png&#8221; _builder_version=&#8221;4.16&#8243; max_width_tablet=&#8221;180px&#8221; max_width_phone=&#8221;&#8221; max_width_last_edited=&#8221;on|desktop&#8221; custom_margin=&#8221;-10vw|-20vw|-20vw||false|false&#8221; custom_margin_tablet=&#8221;0vw|0vw|0vw||false|false&#8221; custom_margin_phone=&#8221;&#8221; custom_margin_last_edited=&#8221;on|tablet&#8221; global_colors_info=&#8221;{}&#8221;][\/et_pb_image][\/et_pb_column][\/et_pb_row][et_pb_row column_structure=&#8221;1_2,1_2&#8243; use_custom_gutter=&#8221;on&#8221; gutter_width=&#8221;4&#8243; make_equal=&#8221;on&#8221; custom_padding_last_edited=&#8221;on|tablet&#8221; _builder_version=&#8221;4.16&#8243; background_color=&#8221;#ffffff&#8221; overflow-x=&#8221;visible&#8221; overflow-y=&#8221;visible&#8221; custom_margin=&#8221;|||||false&#8221; custom_padding=&#8221;80px|60px|80px|60px|true|true&#8221; custom_padding_tablet=&#8221;&#8221; custom_padding_phone=&#8221;30px|20px|30px|20px|true|true&#8221; box_shadow_style=&#8221;preset3&#8243; box_shadow_vertical=&#8221;26px&#8221; box_shadow_blur=&#8221;90px&#8221; box_shadow_spread=&#8221;-14px&#8221; box_shadow_color=&#8221;rgba(0,71,214,0.18)&#8221; locked=&#8221;off&#8221; global_colors_info=&#8221;{}&#8221; box_shadow_vertical__hover=&#8221;10px&#8221; box_shadow_vertical__hover_enabled=&#8221;off&#8221; box_shadow_blur__hover=&#8221;20px&#8221; box_shadow_blur__hover_enabled=&#8221;off&#8221; box_shadow_color__hover=&#8221;#2585b2&#8243;][et_pb_column type=&#8221;1_2&#8243; _builder_version=&#8221;4.16&#8243; custom_padding_tablet=&#8221;0px||||false|false&#8221; custom_padding_last_edited=&#8221;off|tablet&#8221; global_colors_info=&#8221;{}&#8221;][et_pb_text _builder_version=&#8221;4.24.2&#8243; text_font=&#8221;||||||||&#8221; text_font_size=&#8221;17px&#8221; text_line_height=&#8221;1.8em&#8221; header_3_font=&#8221;Heebo|800|||||||&#8221; header_3_font_size=&#8221;28px&#8221; header_3_line_height=&#8221;1.2em&#8221; text_font_size_tablet=&#8221;17px&#8221; text_font_size_phone=&#8221;14px&#8221; text_font_size_last_edited=&#8221;on|phone&#8221; header_3_font_tablet=&#8221;Heebo|700|||||||&#8221; header_3_font_phone=&#8221;&#8221; header_3_font_last_edited=&#8221;on|phone&#8221; header_3_font_size_tablet=&#8221;24px&#8221; header_3_font_size_phone=&#8221;18px&#8221; header_3_font_size_last_edited=&#8221;on|phone&#8221; locked=&#8221;off&#8221; global_colors_info=&#8221;{}&#8221;]<\/p>\n<h3><strong>Odpowiemy na ka\u017cde pytanie <\/strong><\/h3>\n<p>Nasze doradztwo eksperckie to wsparcie na ka\u017cdym etapie realizacji projektu, niezale\u017cnie od jego skali czy specyfiki. Zesp\u00f3\u0142 specjalist\u00f3w Grafit z bogatym do\u015bwiadczeniem w bran\u017cy poligraficznej jest gotowy, by rozwia\u0107 wszelkie w\u0105tpliwo\u015bci, i doradzi\u0107 w doborze najlepszych rozwi\u0105za\u0144 technologicznych. Oferujemy pomoc w zakresie wyboru odpowiednich technik druku, materia\u0142\u00f3w oraz metod uszlachetniania, aby Tw\u00f3j produkt by\u0142 nie tylko estetyczny, ale tak\u017ce w pe\u0142ni funkcjonalny. Zajmujemy si\u0119 r\u00f3wnie\u017c weryfikacj\u0105 zgodno\u015bci oznakowania z obowi\u0105zuj\u0105cymi przepisami, co jest szczeg\u00f3lnie wa\u017cne w bran\u017cy spo\u017cywczej i farmaceutycznej.<\/p>\n<p>Ka\u017cde pytanie traktujemy indywidualnie, analizuj\u0105c potrzeby klienta, by zaproponowa\u0107 mu najbardziej efektywne rozwi\u0105zania. Nasze doradztwo obejmuje tak\u017ce kwestie zwi\u0105zane z optymalizacj\u0105 koszt\u00f3w, tak aby Tw\u00f3j projekt by\u0142 op\u0142acalny, i mo\u017cliwie najta\u0144szy w produkcji, ale jednocze\u015bnie nie straci\u0142 ani na jako\u015bci, ani wygl\u0105dzie. Zaufaj naszemu do\u015bwiadczeniu, i naszym ekspertom \u2013 jeste\u015bmy tu, aby pom\u00f3c Ci osi\u0105gn\u0105\u0107 najlepsze rezultaty w swojej bran\u017cy. Twoje sukcesy s\u0105 naszym najwi\u0119kszym priorytetem.<\/p>\n<p>[\/et_pb_text][\/et_pb_column][et_pb_column type=&#8221;1_2&#8243; _builder_version=&#8221;4.16&#8243; global_colors_info=&#8221;{}&#8221;][et_pb_text _builder_version=&#8221;4.24.2&#8243; text_font=&#8221;||||||||&#8221; text_font_size=&#8221;17px&#8221; text_line_height=&#8221;1.8em&#8221; header_3_font=&#8221;Heebo|800|||||||&#8221; header_3_font_size=&#8221;28px&#8221; header_3_line_height=&#8221;1.2em&#8221; text_font_size_tablet=&#8221;17px&#8221; text_font_size_phone=&#8221;14px&#8221; text_font_size_last_edited=&#8221;on|phone&#8221; header_3_font_tablet=&#8221;Heebo|700|||||||&#8221; header_3_font_phone=&#8221;&#8221; header_3_font_last_edited=&#8221;on|phone&#8221; header_3_font_size_tablet=&#8221;24px&#8221; header_3_font_size_phone=&#8221;18px&#8221; header_3_font_size_last_edited=&#8221;on|phone&#8221; locked=&#8221;off&#8221; global_colors_info=&#8221;{}&#8221;]<\/p>\n<h3><strong>Dobierzemy technik\u0119 druku<\/strong><\/h3>\n<p>Nie jeste\u015b pewien, kt\u00f3ra metoda druku b\u0119dzie najlepsza dla Twojego projektu? Zawsze mo\u017cesz na nas liczy\u0107! Pomo\u017cemy Ci dobra\u0107 technologi\u0119 druku, kt\u00f3ra idealnie sprosta Twoim wymaganiom \u2013 od fleksografii, przez offset, po druk cyfrowy. Analizujemy specyfik\u0119 ka\u017cdego zlecenia, aby dobra\u0107 rozwi\u0105zanie, kt\u00f3re zapewni najwy\u017csz\u0105 jako\u015b\u0107 i efektywno\u015b\u0107. Niezale\u017cnie od rodzaju materia\u0142u czy nak\u0142adu, doradzimy w wyborze odpowiedniej techniki, gwarantuj\u0105c doskona\u0142e rezultaty. Naszym celem jest, aby\u015b zawsze otrzyma\u0142 produkt spe\u0142niaj\u0105cy wszystkie Twoje oczekiwania.<\/p>\n<p>[\/et_pb_text][et_pb_gallery gallery_ids=&#8221;8212,8206,8210,8208&#8243; _builder_version=&#8221;4.24.2&#8243; _module_preset=&#8221;default&#8221; global_colors_info=&#8221;{}&#8221;][\/et_pb_gallery][\/et_pb_column][\/et_pb_row][\/et_pb_section][et_pb_section fb_built=&#8221;1&#8243; admin_label=&#8221;Header&#8221; _builder_version=&#8221;4.16&#8243; use_background_color_gradient=&#8221;on&#8221; background_color_gradient_direction=&#8221;160deg&#8221; background_color_gradient_stops=&#8221;#ffffff 0%|#dbf0fc 100%&#8221; background_color_gradient_start=&#8221;#ffffff&#8221; background_color_gradient_end=&#8221;#dbf0fc&#8221; overflow-x=&#8221;hidden&#8221; overflow-y=&#8221;hidden&#8221; custom_margin=&#8221;||||false|false&#8221; custom_padding=&#8221;||||false|false&#8221; bottom_divider_style=&#8221;slant&#8221; bottom_divider_color=&#8221;#ffffff&#8221; bottom_divider_height=&#8221;60vw&#8221; bottom_divider_flip=&#8221;horizontal&#8221; locked=&#8221;off&#8221; global_colors_info=&#8221;{}&#8221;][et_pb_row column_structure=&#8221;2_3,1_3&#8243; _builder_version=&#8221;4.24.2&#8243; global_colors_info=&#8221;{}&#8221;][et_pb_column type=&#8221;2_3&#8243; _builder_version=&#8221;4.24.2&#8243; global_colors_info=&#8221;{}&#8221;][et_pb_text _builder_version=&#8221;4.24.2&#8243; header_font=&#8221;Heebo|300|||||||&#8221; header_text_color=&#8221;#0a2d61&#8243; header_font_size=&#8221;96px&#8221; custom_margin=&#8221;106px||||false|false&#8221; custom_margin_tablet=&#8221;106px||||false|false&#8221; custom_margin_phone=&#8221;106px||||false|false&#8221; custom_margin_last_edited=&#8221;on|desktop&#8221; header_font_size_tablet=&#8221;70px&#8221; header_font_size_phone=&#8221;36px&#8221; header_font_size_last_edited=&#8221;on|phone&#8221; locked=&#8221;off&#8221; global_colors_info=&#8221;{}&#8221;]<\/p>\n<h1><\/h1>\n<h1>W czym<strong> Doradzamy?<\/strong><\/h1>\n<p>[\/et_pb_text][\/et_pb_column][et_pb_column type=&#8221;1_3&#8243; _builder_version=&#8221;4.16&#8243; global_colors_info=&#8221;{}&#8221;][et_pb_image src=&#8221;http:\/\/grafit24.pl\/wp-content\/uploads\/2024\/07\/hvac-07.png&#8221; _builder_version=&#8221;4.24.2&#8243; width=&#8221;160%&#8221; width_tablet=&#8221;160%&#8221; width_phone=&#8221;160%&#8221; width_last_edited=&#8221;on|desktop&#8221; max_width_tablet=&#8221;180px&#8221; max_width_phone=&#8221;&#8221; max_width_last_edited=&#8221;on|desktop&#8221; custom_margin=&#8221;-6vw|-20vw|-20vw||false|false&#8221; custom_margin_tablet=&#8221;0vw|0vw|0vw||false|false&#8221; custom_margin_phone=&#8221;&#8221; custom_margin_last_edited=&#8221;on|tablet&#8221; global_colors_info=&#8221;{}&#8221;][\/et_pb_image][\/et_pb_column][\/et_pb_row][et_pb_row column_structure=&#8221;1_2,1_2&#8243; use_custom_gutter=&#8221;on&#8221; gutter_width=&#8221;4&#8243; make_equal=&#8221;on&#8221; _builder_version=&#8221;4.16&#8243; background_color=&#8221;#ffffff&#8221; overflow-x=&#8221;visible&#8221; overflow-y=&#8221;visible&#8221; custom_margin=&#8221;|||||false&#8221; custom_padding=&#8221;80px|60px|80px|60px|true|true&#8221; box_shadow_style=&#8221;preset3&#8243; box_shadow_vertical=&#8221;26px&#8221; box_shadow_blur=&#8221;90px&#8221; box_shadow_spread=&#8221;-14px&#8221; box_shadow_color=&#8221;rgba(0,71,214,0.18)&#8221; locked=&#8221;off&#8221; global_colors_info=&#8221;{}&#8221; box_shadow_vertical__hover=&#8221;10px&#8221; box_shadow_vertical__hover_enabled=&#8221;off&#8221; box_shadow_blur__hover=&#8221;20px&#8221; box_shadow_blur__hover_enabled=&#8221;off&#8221; box_shadow_color__hover=&#8221;#2585b2&#8243;][et_pb_column type=&#8221;1_2&#8243; _builder_version=&#8221;4.16&#8243; custom_padding=&#8221;80px||||false|false&#8221; custom_padding_tablet=&#8221;0px||||false|false&#8221; custom_padding_phone=&#8221;&#8221; custom_padding_last_edited=&#8221;on|tablet&#8221; global_colors_info=&#8221;{}&#8221;][et_pb_text _builder_version=&#8221;4.24.2&#8243; text_font=&#8221;||||||||&#8221; text_font_size=&#8221;17px&#8221; text_line_height=&#8221;1.8em&#8221; header_2_font=&#8221;Heebo|500|||||||&#8221; header_2_text_color=&#8221;#0a2d61&#8243; header_2_font_size=&#8221;52px&#8221; header_2_line_height=&#8221;1.1em&#8221; max_width=&#8221;520px&#8221; text_font_size_tablet=&#8221;17px&#8221; text_font_size_phone=&#8221;14px&#8221; text_font_size_last_edited=&#8221;on|phone&#8221; header_2_font_size_tablet=&#8221;40px&#8221; header_2_font_size_phone=&#8221;24px&#8221; header_2_font_size_last_edited=&#8221;on|phone&#8221; locked=&#8221;off&#8221; global_colors_info=&#8221;{}&#8221;]<\/p>\n<h2><strong>Znamy si\u0119 na druku jak nikt inny <\/strong><\/h2>\n<p>Druk to nasza pasja i specjalno\u015b\u0107, kt\u00f3r\u0105 doskonalimy od wielu lat, by dostarcza\u0107 naszym klientom produkty na najwy\u017cszym poziomie. Niezale\u017cnie od wyzwa\u0144, zawsze dobieramy odpowiednie techniki i rozwi\u0105zania, aby dostarcza\u0107 najlepszy druk. Stale inwestujemy w nowoczesne technologie, dzi\u0119ki czemu mo\u017cemy zagwarantowa\u0107 perfekcyjn\u0105 jako\u015b\u0107 i precyzj\u0119 wykonania. Wybieraj\u0105c nas, masz pewno\u015b\u0107, \u017ce Twoje projekty s\u0105 w r\u0119kach prawdziwych fachowc\u00f3w.<\/p>\n<p>[\/et_pb_text][\/et_pb_column][et_pb_column type=&#8221;1_2&#8243; _builder_version=&#8221;4.16&#8243; global_colors_info=&#8221;{}&#8221;][et_pb_blurb title=&#8221;Oprawa&#8221; image=&#8221;http:\/\/grafit24.pl\/wp-content\/uploads\/2024\/07\/hvac-icon-015.png&#8221; icon_placement=&#8221;left&#8221; image_icon_width=&#8221;97px&#8221; _builder_version=&#8221;4.24.2&#8243; header_font=&#8221;Heebo|800|||||||&#8221; header_font_size=&#8221;16px&#8221; header_line_height=&#8221;1.5em&#8221; body_font=&#8221;||||||||&#8221; body_line_height=&#8221;1.8em&#8221; image_icon_custom_margin=&#8221;15px||0px||false|false&#8221; image_icon_custom_padding=&#8221;||0px||false|false&#8221; max_width=&#8221;400px&#8221; header_font_size_tablet=&#8221;15px&#8221; header_font_size_phone=&#8221;14px&#8221; header_font_size_last_edited=&#8221;on|phone&#8221; body_font_size_phone=&#8221;14px&#8221; body_font_size_last_edited=&#8221;off|phone&#8221; image_max_width=&#8221;100px&#8221; locked=&#8221;off&#8221; global_colors_info=&#8221;{}&#8221;]<\/p>\n<p>Niezale\u017cnie od formatu i materia\u0142u, dobieramy najlepsz\u0105 opraw\u0119 do ka\u017cdego Twojego projektu, aby zapewni\u0107 trwa\u0142o\u015b\u0107 i estetyk\u0119 wydruk\u00f3w.<\/p>\n<p>[\/et_pb_blurb][et_pb_blurb title=&#8221;Wycena&#8221; image=&#8221;http:\/\/grafit24.pl\/wp-content\/uploads\/2024\/07\/hvac-icon-016.png&#8221; icon_placement=&#8221;left&#8221; image_icon_width=&#8221;100px&#8221; _builder_version=&#8221;4.24.2&#8243; header_font=&#8221;Heebo|800|||||||&#8221; header_font_size=&#8221;16px&#8221; header_line_height=&#8221;1.5em&#8221; body_font=&#8221;||||||||&#8221; body_line_height=&#8221;1.8em&#8221; image_icon_custom_margin=&#8221;15px||||false|false&#8221; max_width=&#8221;400px&#8221; header_font_size_tablet=&#8221;15px&#8221; header_font_size_phone=&#8221;14px&#8221; header_font_size_last_edited=&#8221;on|phone&#8221; body_font_size_phone=&#8221;14px&#8221; body_font_size_last_edited=&#8221;off|phone&#8221; image_max_width=&#8221;100px&#8221; locked=&#8221;off&#8221; global_colors_info=&#8221;{}&#8221;]<\/p>\n<p>Oferujemy indywidualn\u0105 wycen\u0119 ka\u017cdego projektu, dostosowan\u0105 do Twoich potrzeb i bud\u017cetu, aby zapewni\u0107 optymalne rozwi\u0105zania.<\/p>\n<p>[\/et_pb_blurb][et_pb_blurb title=&#8221;Technologia&#8221; image=&#8221;http:\/\/grafit24.pl\/wp-content\/uploads\/2024\/07\/hvac-icon-017.png&#8221; icon_placement=&#8221;left&#8221; image_icon_width=&#8221;100px&#8221; _builder_version=&#8221;4.24.2&#8243; header_font=&#8221;Heebo|800|||||||&#8221; header_font_size=&#8221;16px&#8221; header_line_height=&#8221;1.5em&#8221; body_font=&#8221;||||||||&#8221; body_line_height=&#8221;1.8em&#8221; image_icon_custom_margin=&#8221;15px||||false|false&#8221; max_width=&#8221;400px&#8221; header_font_size_tablet=&#8221;15px&#8221; header_font_size_phone=&#8221;14px&#8221; header_font_size_last_edited=&#8221;on|phone&#8221; body_font_size_phone=&#8221;14px&#8221; body_font_size_last_edited=&#8221;off|phone&#8221; image_max_width=&#8221;100px&#8221; locked=&#8221;off&#8221; global_colors_info=&#8221;{}&#8221;]<\/p>\n<p>Zawsze dobieramy odpowiedni\u0105 technologi\u0119 druku, aby zapewni\u0107 optymaln\u0105 jako\u015b\u0107 oraz ceny, w tym efektywno\u015b\u0107 realizacji projektu.<\/p>\n<p>[\/et_pb_blurb][et_pb_blurb title=&#8221;Uszlachetnienie&#8221; image=&#8221;http:\/\/grafit24.pl\/wp-content\/uploads\/2024\/07\/hvac-icon-018.png&#8221; icon_placement=&#8221;left&#8221; image_icon_width=&#8221;100px&#8221; _builder_version=&#8221;4.24.2&#8243; header_font=&#8221;Heebo|800|||||||&#8221; header_font_size=&#8221;16px&#8221; header_line_height=&#8221;1.5em&#8221; body_font=&#8221;||||||||&#8221; body_line_height=&#8221;1.8em&#8221; image_icon_custom_margin=&#8221;15px||||false|false&#8221; max_width=&#8221;400px&#8221; header_font_size_tablet=&#8221;15px&#8221; header_font_size_phone=&#8221;14px&#8221; header_font_size_last_edited=&#8221;on|phone&#8221; body_font_size_phone=&#8221;14px&#8221; body_font_size_last_edited=&#8221;off|phone&#8221; image_max_width=&#8221;100px&#8221; locked=&#8221;off&#8221; global_colors_info=&#8221;{}&#8221;]<\/p>\n<p>Nasza firma zapewnia idealne dopasowanie metody uszlachetnienia do ka\u017cdego projektu, tak aby podkre\u015bli\u0107 jego unikalny charakter.<\/p>\n<p>[\/et_pb_blurb][\/et_pb_column][\/et_pb_row][\/et_pb_section][et_pb_section fb_built=&#8221;1&#8243; prev_background_color=&#8221;#ffffff&#8221; padding_top_bottom_link_2=&#8221;false&#8221; padding_left_right_link_2=&#8221;false&#8221; admin_label=&#8221;About Us&#8221; _builder_version=&#8221;4.24.2&#8243; use_background_color_gradient=&#8221;on&#8221; background_color_gradient_stops=&#8221;rgba(2,0,147,0.07) 0%|rgba(26,138,237,0) 100%&#8221; background_color_gradient_start=&#8221;rgba(2,0,147,0.07)&#8221; background_color_gradient_end=&#8221;rgba(26,138,237,0)&#8221; custom_margin=&#8221;-20vw||||false|false&#8221; custom_padding=&#8221;22vw||||false|false&#8221; top_divider_style=&#8221;slant&#8221; top_divider_height=&#8221;57vw&#8221; top_divider_flip=&#8221;horizontal&#8221; bottom_divider_style=&#8221;slant&#8221; bottom_divider_color=&#8221;gcid-1e1dc1f1-e9bd-4a09-b81c-7a4c0d5e03f6&#8243; bottom_divider_height=&#8221;49vw&#8221; bottom_divider_flip=&#8221;horizontal&#8221; locked=&#8221;off&#8221; global_colors_info=&#8221;{%22gcid-1e1dc1f1-e9bd-4a09-b81c-7a4c0d5e03f6%22:%91%22bottom_divider_color%22%93}&#8221;][et_pb_row column_structure=&#8221;1_2,1_2&#8243; _builder_version=&#8221;4.16&#8243; global_colors_info=&#8221;{}&#8221;][et_pb_column type=&#8221;1_2&#8243; _builder_version=&#8221;4.16&#8243; global_colors_info=&#8221;{}&#8221;][et_pb_image src=&#8221;http:\/\/grafit24.pl\/wp-content\/uploads\/2024\/07\/hvac-08-1.png&#8221; _builder_version=&#8221;4.16&#8243; max_width_tablet=&#8221;400px&#8221; max_width_phone=&#8221;&#8221; max_width_last_edited=&#8221;on|desktop&#8221; custom_margin=&#8221;|||-30vw|false|false&#8221; custom_margin_tablet=&#8221;|||0vw|false|false&#8221; custom_margin_phone=&#8221;&#8221; custom_margin_last_edited=&#8221;on|desktop&#8221; locked=&#8221;off&#8221; global_colors_info=&#8221;{}&#8221;][\/et_pb_image][\/et_pb_column][et_pb_column type=&#8221;1_2&#8243; _builder_version=&#8221;4.16&#8243; custom_padding=&#8221;10vw||||false|false&#8221; custom_padding_tablet=&#8221;0vw||||false|false&#8221; custom_padding_phone=&#8221;&#8221; custom_padding_last_edited=&#8221;on|desktop&#8221; global_colors_info=&#8221;{}&#8221;][et_pb_text _builder_version=&#8221;4.24.2&#8243; text_font=&#8221;||||||||&#8221; text_font_size=&#8221;17px&#8221; text_line_height=&#8221;1.8em&#8221; header_2_font=&#8221;Heebo|500|||||||&#8221; header_2_text_color=&#8221;#0a2d61&#8243; header_2_font_size=&#8221;60px&#8221; header_2_line_height=&#8221;1.1em&#8221; max_width=&#8221;520px&#8221; text_font_size_tablet=&#8221;17px&#8221; text_font_size_phone=&#8221;14px&#8221; text_font_size_last_edited=&#8221;on|phone&#8221; header_2_font_size_tablet=&#8221;40px&#8221; header_2_font_size_phone=&#8221;24px&#8221; header_2_font_size_last_edited=&#8221;on|phone&#8221; locked=&#8221;off&#8221; global_colors_info=&#8221;{}&#8221;]<\/p>\n<h2>Je\u017celi cenisz sobie rady ekspert\u00f3w, skontaktuj si\u0119 z nami!<\/h2>\n<p>Zaufaj naszemu do\u015bwiadczeniu, i skonsultuj si\u0119 z naszymi specjalistami, kt\u00f3rzy ch\u0119tnie doradz\u0105 w ka\u017cdej kwestii zwi\u0105zanej z drukiem. Oferujemy profesjonalne doradztwo, kt\u00f3re pomo\u017ce Ci wybra\u0107 najlepsze rozwi\u0105zania dla Twojego projektu. Skontaktuj si\u0119 z nami, aby wsp\u00f3lnie znale\u017a\u0107 idealne rozwi\u0105zania dla Twoich potrzeb. Czekamy na ciebie!<\/p>\n<p>[\/et_pb_text][et_pb_button button_text=&#8221;Skontaktuj si\u0119 z nami!&#8221; button_alignment=&#8221;left&#8221; _builder_version=&#8221;4.24.2&#8243; custom_button=&#8221;on&#8221; button_text_size=&#8221;16px&#8221; button_text_color=&#8221;#ffffff&#8221; button_bg_color=&#8221;#091c4f&#8221; button_border_color=&#8221;rgba(0,0,0,0)&#8221; button_border_radius=&#8221;100px&#8221; button_letter_spacing=&#8221;2px&#8221; button_font=&#8221;Poppins|600|||||||&#8221; button_use_icon=&#8221;off&#8221; custom_padding=&#8221;16px|32px|16px|32px|true|true&#8221; hover_enabled=&#8221;0&#8243; box_shadow_style=&#8221;preset1&#8243; box_shadow_vertical=&#8221;20px&#8221; box_shadow_blur=&#8221;71px&#8221; box_shadow_spread=&#8221;-14px&#8221; box_shadow_color=&#8221;#091c4f&#8221; button_letter_spacing_hover=&#8221;2px&#8221; locked=&#8221;off&#8221; global_colors_info=&#8221;{}&#8221; button_text_size__hover_enabled=&#8221;off&#8221; button_one_text_size__hover_enabled=&#8221;off&#8221; button_two_text_size__hover_enabled=&#8221;off&#8221; button_text_color__hover_enabled=&#8221;off&#8221; button_one_text_color__hover_enabled=&#8221;off&#8221; button_two_text_color__hover_enabled=&#8221;off&#8221; button_border_width__hover_enabled=&#8221;off&#8221; button_one_border_width__hover_enabled=&#8221;off&#8221; button_two_border_width__hover_enabled=&#8221;off&#8221; button_border_color__hover_enabled=&#8221;off&#8221; button_one_border_color__hover_enabled=&#8221;off&#8221; button_two_border_color__hover_enabled=&#8221;off&#8221; button_border_radius__hover_enabled=&#8221;off&#8221; button_one_border_radius__hover_enabled=&#8221;off&#8221; button_two_border_radius__hover_enabled=&#8221;off&#8221; button_letter_spacing__hover_enabled=&#8221;on&#8221; button_letter_spacing__hover=&#8221;2px&#8221; button_one_letter_spacing__hover_enabled=&#8221;off&#8221; button_two_letter_spacing__hover_enabled=&#8221;off&#8221; button_bg_color__hover_enabled=&#8221;off&#8221; button_one_bg_color__hover_enabled=&#8221;off&#8221; button_two_bg_color__hover_enabled=&#8221;off&#8221; button_url=&#8221;http:\/\/grafit24.pl\/?page_id=81&#8243; sticky_enabled=&#8221;0&#8243;][\/et_pb_button][\/et_pb_column][\/et_pb_row][\/et_pb_section]<\/p>\n","protected":false},"excerpt":{"rendered":"<p>Doradztwo EksperckieOdpowiemy na ka\u017cde pytanie Nasze doradztwo eksperckie to wsparcie na ka\u017cdym etapie realizacji projektu, niezale\u017cnie od jego skali czy specyfiki. Zesp\u00f3\u0142 specjalist\u00f3w Grafit z bogatym do\u015bwiadczeniem w bran\u017cy poligraficznej jest gotowy, by rozwia\u0107 wszelkie w\u0105tpliwo\u015bci, i doradzi\u0107 w doborze najlepszych rozwi\u0105za\u0144 technologicznych. Oferujemy pomoc w zakresie wyboru odpowiednich technik druku, materia\u0142\u00f3w oraz metod uszlachetniania, [&hellip;]<\/p>\n","protected":false},"author":1,"featured_media":0,"parent":0,"menu_order":0,"comment_status":"closed","ping_status":"closed","template":"","meta":{"_et_pb_use_builder":"on","_et_pb_old_content":"","_et_gb_content_width":"","footnotes":""},"class_list":["post-80","page","type-page","status-publish","hentry"],"_links":{"self":[{"href":"https:\/\/grafit24.pl\/index.php?rest_route=\/wp\/v2\/pages\/80","targetHints":{"allow":["GET"]}}],"collection":[{"href":"https:\/\/grafit24.pl\/index.php?rest_route=\/wp\/v2\/pages"}],"about":[{"href":"https:\/\/grafit24.pl\/index.php?rest_route=\/wp\/v2\/types\/page"}],"author":[{"embeddable":true,"href":"https:\/\/grafit24.pl\/index.php?rest_route=\/wp\/v2\/users\/1"}],"replies":[{"embeddable":true,"href":"https:\/\/grafit24.pl\/index.php?rest_route=%2Fwp%2Fv2%2Fcomments&post=80"}],"version-history":[{"count":12,"href":"https:\/\/grafit24.pl\/index.php?rest_route=\/wp\/v2\/pages\/80\/revisions"}],"predecessor-version":[{"id":8453,"href":"https:\/\/grafit24.pl\/index.php?rest_route=\/wp\/v2\/pages\/80\/revisions\/8453"}],"wp:attachment":[{"href":"https:\/\/grafit24.pl\/index.php?rest_route=%2Fwp%2Fv2%2Fmedia&parent=80"}],"curies":[{"name":"wp","href":"https:\/\/api.w.org\/{rel}","templated":true}]}}