{"id":8060,"date":"2024-07-05T10:35:03","date_gmt":"2024-07-05T08:35:03","guid":{"rendered":"https:\/\/dev-grafit-test.pantheonsite.io\/?page_id=8060"},"modified":"2024-10-11T23:25:46","modified_gmt":"2024-10-11T21:25:46","slug":"studio-dtp","status":"publish","type":"page","link":"https:\/\/grafit24.pl\/?page_id=8060","title":{"rendered":"Studio DTP"},"content":{"rendered":"<p>[et_pb_section fb_built=&#8221;1&#8243; admin_label=&#8221;Header&#8221; _builder_version=&#8221;4.24.2&#8243; _module_preset=&#8221;default&#8221; use_background_color_gradient=&#8221;on&#8221; background_color_gradient_type=&#8221;circular&#8221; background_color_gradient_direction_radial=&#8221;bottom&#8221; background_color_gradient_stops=&#8221;gcid-64653083-5242-43fe-8dfb-3d72435526c0 0%|gcid-a2ad28b5-d28e-4d1e-9e4d-81a3653a5561 50%|#000000 100%&#8221; background_image=&#8221;http:\/\/grafit24.pl\/wp-content\/uploads\/2024\/08\/Path_1.png&#8221; background_size=&#8221;contain&#8221; background_position=&#8221;bottom_center&#8221; custom_margin=&#8221;3vw|3vw|3vw|3vw|true|true&#8221; custom_padding=&#8221;||8vw||false|false&#8221; background_last_edited=&#8221;on|tablet&#8221; background_mask_aspect_ratio_tablet=&#8221;portrait&#8221; custom_css_free_form=&#8221;.selector {||  text-align: center;||}&#8221; border_radii=&#8221;on|1.5vw|1.5vw|1.5vw|1.5vw&#8221; locked=&#8221;off&#8221; collapsed=&#8221;on&#8221; global_colors_info=&#8221;{%22gcid-64653083-5242-43fe-8dfb-3d72435526c0%22:%91%22background_color_gradient_stops%22%93}&#8221;][et_pb_row make_equal=&#8221;on&#8221; _builder_version=&#8221;4.24.2&#8243; _module_preset=&#8221;default&#8221; width=&#8221;37%&#8221; module_alignment=&#8221;center&#8221; min_height=&#8221;250.4px&#8221; custom_margin=&#8221;||||false|false&#8221; custom_margin_tablet=&#8221;|35px||35px|false|true&#8221; custom_margin_phone=&#8221;|20px||20px|false|true&#8221; custom_margin_last_edited=&#8221;on|desktop&#8221; custom_padding=&#8221;||||false|false&#8221; hover_enabled=&#8221;0&#8243; locked=&#8221;off&#8221; global_colors_info=&#8221;{}&#8221; max_width__hover_enabled=&#8221;off|desktop&#8221; width_last_edited=&#8221;on|phone&#8221; width_phone=&#8221;75%&#8221; sticky_enabled=&#8221;0&#8243; width_tablet=&#8221;37%&#8221;][et_pb_column type=&#8221;4_4&#8243; _builder_version=&#8221;4.24.2&#8243; _module_preset=&#8221;default&#8221; global_colors_info=&#8221;{}&#8221;][et_pb_text _builder_version=&#8221;4.24.2&#8243; _module_preset=&#8221;33c5aa37-7acf-4eee-a99d-47564da11d5b&#8221; header_4_text_color=&#8221;gcid-b25270ff-80a4-43b3-b4f7-60812cb04374&#8243; text_orientation=&#8221;center&#8221; global_colors_info=&#8221;{%22gcid-b25270ff-80a4-43b3-b4f7-60812cb04374%22:%91%22header_4_text_color%22%93}&#8221;]<\/p>\n<h4>Technologie<\/h4>\n<p>[\/et_pb_text][et_pb_text _builder_version=&#8221;4.24.2&#8243; _module_preset=&#8221;fbb80b06-22e3-4446-9f39-0f8fb150080f&#8221; header_text_color=&#8221;#FFFFFF&#8221; text_orientation=&#8221;center&#8221; custom_margin=&#8221;||10px||false|false&#8221; global_colors_info=&#8221;{}&#8221;]<\/p>\n<h1>Studio DTP<\/h1>\n<p>[\/et_pb_text][et_pb_text _builder_version=&#8221;4.24.2&#8243; _module_preset=&#8221;d6ba0af4-6342-48b5-9884-9ff711053ff0&#8243; text_text_color=&#8221;#FFFFFF&#8221; text_orientation=&#8221;center&#8221; hover_enabled=&#8221;0&#8243; global_colors_info=&#8221;{}&#8221; text_orientation_last_edited=&#8221;on|phone&#8221; text_orientation_phone=&#8221;justified&#8221; sticky_enabled=&#8221;0&#8243; text_orientation_tablet=&#8221;center&#8221;]<\/p>\n<p>Nasze Studio DTP to miejsce, gdzie kreatywno\u015b\u0107 spotyka si\u0119 z technologi\u0105. Zajmujemy si\u0119 profesjonalnym przygotowaniem plik\u00f3w do druku, od koncepcji graficznej po finaln\u0105 obr\u00f3bk\u0119 techniczn\u0105. Dzi\u0119ki nowoczesnym narz\u0119dziom i do\u015bwiadczonemu zespo\u0142owi gwarantujemy najwy\u017csz\u0105 jako\u015b\u0107 na ka\u017cdym etapie realizacji projektu.<\/p>\n<p>[\/et_pb_text][\/et_pb_column][\/et_pb_row][\/et_pb_section][et_pb_section fb_built=&#8221;1&#8243; admin_label=&#8221;Header&#8221; _builder_version=&#8221;4.24.2&#8243; _module_preset=&#8221;default&#8221; background_image=&#8221;http:\/\/grafit24.pl\/wp-content\/uploads\/2024\/07\/1.-Studio-DTP.png&#8221; background_size=&#8221;contain&#8221; background_position=&#8221;bottom_center&#8221; custom_margin=&#8221;3vw|3vw|3vw|3vw|true|true&#8221; custom_padding=&#8221;||12vw||false|false&#8221; background_last_edited=&#8221;on|tablet&#8221; background_mask_aspect_ratio_tablet=&#8221;portrait&#8221; custom_css_free_form=&#8221;.selector {||  text-align: center;||}&#8221; border_radii=&#8221;on|1.5vw|1.5vw|1.5vw|1.5vw&#8221; locked=&#8221;off&#8221; collapsed=&#8221;on&#8221; global_colors_info=&#8221;{%22gcid-64653083-5242-43fe-8dfb-3d72435526c0%22:%91%22background_color_gradient_stops%22%93}&#8221;][\/et_pb_section][et_pb_section fb_built=&#8221;1&#8243; admin_label=&#8221;Project&#8221; _builder_version=&#8221;4.21.0&#8243; _module_preset=&#8221;default&#8221; locked=&#8221;off&#8221; collapsed=&#8221;on&#8221; global_colors_info=&#8221;{}&#8221;][et_pb_row column_structure=&#8221;3_5,2_5&#8243; _builder_version=&#8221;4.24.2&#8243; _module_preset=&#8221;default&#8221; custom_margin=&#8221;0px||50px||false|false&#8221; custom_margin_tablet=&#8221;||50px||false|false&#8221; custom_margin_phone=&#8221;||50px||false|false&#8221; custom_margin_last_edited=&#8221;on|phone&#8221; animation_style=&#8221;slide&#8221; animation_direction=&#8221;left&#8221; animation_duration=&#8221;1200ms&#8221; global_colors_info=&#8221;{}&#8221;][et_pb_column type=&#8221;3_5&#8243; _builder_version=&#8221;4.21.0&#8243; _module_preset=&#8221;default&#8221; global_colors_info=&#8221;{}&#8221;][et_pb_text _builder_version=&#8221;4.24.2&#8243; _module_preset=&#8221;e8eb64ec-e716-4eee-b51b-82b85824cda2&#8243; header_2_font=&#8221;Montserrat|600|||||||&#8221; header_2_font_size=&#8221;46px&#8221; custom_margin=&#8221;||10px||false|false&#8221; global_colors_info=&#8221;{}&#8221;]<\/p>\n<h2>Przygotowanie projekt\u00f3w<\/h2>\n<p>[\/et_pb_text][et_pb_text _builder_version=&#8221;4.24.2&#8243; _module_preset=&#8221;343a63da-c850-48f4-a71a-bf6ffebf9f9d&#8221; global_colors_info=&#8221;{}&#8221;]<\/p>\n<p>Nasze Studio DTP specjalizuje si\u0119 w profesjonalnym przygotowywaniu projekt\u00f3w do druku, dbaj\u0105c o ka\u017cdy detal techniczny i estetyczny. Zaczynamy od dok\u0142adnej analizy plik\u00f3w, sprawdzaj\u0105c zgodno\u015b\u0107 kolor\u00f3w, rozdzielczo\u015b\u0107 oraz odpowiednie formatowanie. Ka\u017cdy projekt jest optymalizowany pod k\u0105tem wybranej techniki druku, co pozwala uzyska\u0107 najlepsze rezultaty na finalnym produkcie. Oferujemy r\u00f3wnie\u017c pomoc w dopasowaniu projekt\u00f3w do r\u00f3\u017cnych format\u00f3w, co pozwala na ich efektywn\u0105 realizacj\u0119 w drukarni.<\/p>\n<ul>\n<li><strong>Dostosowanie projekt\u00f3w<\/strong> do specyficznych wymog\u00f3w materia\u0142\u00f3w i wyko\u0144cze\u0144.<\/li>\n<li><strong>Przygotowanie plik\u00f3w<\/strong> do druku w wybranej technologii (offset, cyfrowy, fleksografia).<\/li>\n<li><strong>Edycja i skalowanie grafiki<\/strong>, by spe\u0142nia\u0142a wymagania techniczne druku.<\/li>\n<\/ul>\n<p>[\/et_pb_text][\/et_pb_column][et_pb_column type=&#8221;2_5&#8243; _builder_version=&#8221;4.24.2&#8243; _module_preset=&#8221;default&#8221; global_colors_info=&#8221;{}&#8221;][et_pb_image src=&#8221;http:\/\/grafit24.pl\/wp-content\/uploads\/2024\/07\/DTP.1_Przygotowanie_projektow_do_druku_kopia.png&#8221; title_text=&#8221;DTP.1_Przygotowanie_projektow_do_druku_kopia&#8221; show_bottom_space=&#8221;off&#8221; _builder_version=&#8221;4.24.2&#8243; _module_preset=&#8221;default&#8221; transform_scale_tablet=&#8221;&#8221; transform_scale_phone=&#8221;&#8221; transform_scale_last_edited=&#8221;on|desktop&#8221; transform_translate_tablet=&#8221;&#8221; transform_translate_phone=&#8221;&#8221; transform_translate_last_edited=&#8221;on|desktop&#8221; transform_rotate_tablet=&#8221;&#8221; transform_rotate_phone=&#8221;&#8221; transform_rotate_last_edited=&#8221;on|desktop&#8221; transform_skew_tablet=&#8221;&#8221; transform_skew_phone=&#8221;&#8221; transform_skew_last_edited=&#8221;on|desktop&#8221; transform_origin_tablet=&#8221;&#8221; transform_origin_phone=&#8221;&#8221; transform_origin_last_edited=&#8221;on|desktop&#8221; transform_styles_last_edited=&#8221;on|desktop&#8221; custom_margin=&#8221;-50px||0px||false|false&#8221; custom_margin_tablet=&#8221;-120px||0px||false|false&#8221; custom_margin_phone=&#8221;-120px||0px||false|false&#8221; custom_margin_last_edited=&#8221;on|desktop&#8221; custom_padding=&#8221;||||false|false&#8221; transform_styles_tablet=&#8221;&#8221; transform_styles_phone=&#8221;&#8221; global_colors_info=&#8221;{}&#8221;][\/et_pb_image][\/et_pb_column][\/et_pb_row][et_pb_row column_structure=&#8221;2_5,3_5&#8243; _builder_version=&#8221;4.24.2&#8243; _module_preset=&#8221;default&#8221; custom_margin=&#8221;||50px||false|false&#8221; custom_margin_tablet=&#8221;||50px||false|false&#8221; custom_margin_phone=&#8221;||50px||false|false&#8221; custom_margin_last_edited=&#8221;on|phone&#8221; animation_style=&#8221;slide&#8221; animation_direction=&#8221;right&#8221; animation_duration=&#8221;1200ms&#8221; locked=&#8221;off&#8221; global_colors_info=&#8221;{}&#8221;][et_pb_column type=&#8221;2_5&#8243; _builder_version=&#8221;4.21.0&#8243; _module_preset=&#8221;default&#8221; global_colors_info=&#8221;{}&#8221;][et_pb_image src=&#8221;http:\/\/grafit24.pl\/wp-content\/uploads\/2024\/07\/DTP.2_Doradztwo_kopia.png&#8221; title_text=&#8221;DTP.2_Doradztwo_kopia&#8221; show_bottom_space=&#8221;off&#8221; _builder_version=&#8221;4.24.2&#8243; _module_preset=&#8221;default&#8221; transform_scale_tablet=&#8221;&#8221; transform_scale_phone=&#8221;&#8221; transform_scale_last_edited=&#8221;on|desktop&#8221; transform_translate_tablet=&#8221;&#8221; transform_translate_phone=&#8221;&#8221; transform_translate_last_edited=&#8221;on|desktop&#8221; transform_rotate_tablet=&#8221;&#8221; transform_rotate_phone=&#8221;&#8221; transform_rotate_last_edited=&#8221;on|desktop&#8221; transform_skew_tablet=&#8221;&#8221; transform_skew_phone=&#8221;&#8221; transform_skew_last_edited=&#8221;on|desktop&#8221; transform_origin_tablet=&#8221;&#8221; transform_origin_phone=&#8221;&#8221; transform_origin_last_edited=&#8221;on|desktop&#8221; transform_styles_last_edited=&#8221;on|desktop&#8221; custom_margin=&#8221;-50px||0px||false|false&#8221; custom_margin_tablet=&#8221;-120px||0px||false|false&#8221; custom_margin_phone=&#8221;-120px||0px||false|false&#8221; custom_margin_last_edited=&#8221;on|desktop&#8221; custom_padding=&#8221;||||false|false&#8221; transform_styles_tablet=&#8221;&#8221; transform_styles_phone=&#8221;&#8221; global_colors_info=&#8221;{}&#8221;][\/et_pb_image][\/et_pb_column][et_pb_column type=&#8221;3_5&#8243; _builder_version=&#8221;4.21.0&#8243; _module_preset=&#8221;default&#8221; global_colors_info=&#8221;{}&#8221;][et_pb_text _builder_version=&#8221;4.24.2&#8243; _module_preset=&#8221;e8eb64ec-e716-4eee-b51b-82b85824cda2&#8243; header_2_font=&#8221;Montserrat|600|||||||&#8221; header_2_font_size=&#8221;46px&#8221; custom_margin=&#8221;||10px||false|false&#8221; global_colors_info=&#8221;{}&#8221;]<\/p>\n<h2>Doradztwo<\/h2>\n<p>[\/et_pb_text][et_pb_text _builder_version=&#8221;4.24.2&#8243; _module_preset=&#8221;343a63da-c850-48f4-a71a-bf6ffebf9f9d&#8221; global_colors_info=&#8221;{}&#8221;]<\/p>\n<p>Doradztwo w naszej firmie to kluczowy element, kt\u00f3ry zapewnia najwy\u017csz\u0105 jako\u015b\u0107 realizacji ka\u017cdego projektu. Nasi specjali\u015bci s\u0105 zawsze gotowi pom\u00f3c w wyborze odpowiednich technologii druku, materia\u0142\u00f3w i uszlachetnie\u0144, aby osi\u0105gn\u0105\u0107 najlepszy efekt. Skupiamy si\u0119 na indywidualnych potrzebach klienta, proponuj\u0105c rozwi\u0105zania, kt\u00f3re s\u0105 nie tylko funkcjonalne, ale tak\u017ce efektywne kosztowo. Dzi\u0119ki naszemu wsparciu, ka\u017cdy etap produkcji jest starannie przemy\u015blany i dostosowany do specyfiki projektu. Naszym celem jest, aby klient czu\u0142 si\u0119 pewnie, i mia\u0142 pe\u0142ne wsparcie na ka\u017cdym kroku.<\/p>\n<p>&nbsp;<\/p>\n<ul>\n<li><strong>Analiza potrzeb klienta<\/strong> i dob\u00f3r najlepszych rozwi\u0105za\u0144.<\/li>\n<li><strong>Dob\u00f3r technologii druku<\/strong> do specyfiki projektu.<\/li>\n<li><strong>Doradztwo w zakresie koszt\u00f3w<\/strong> w celu osi\u0105gni\u0119cia najlepszej jako\u015bci w ramach bud\u017cetu.<\/li>\n<\/ul>\n<p>[\/et_pb_text][\/et_pb_column][\/et_pb_row][et_pb_row column_structure=&#8221;3_5,2_5&#8243; _builder_version=&#8221;4.24.2&#8243; _module_preset=&#8221;default&#8221; custom_margin=&#8221;||50px||false|false&#8221; custom_margin_tablet=&#8221;||50px||false|false&#8221; custom_margin_phone=&#8221;||50px||false|false&#8221; custom_margin_last_edited=&#8221;on|phone&#8221; animation_style=&#8221;slide&#8221; animation_direction=&#8221;left&#8221; animation_duration=&#8221;1200ms&#8221; locked=&#8221;off&#8221; global_colors_info=&#8221;{}&#8221;][et_pb_column type=&#8221;3_5&#8243; _builder_version=&#8221;4.21.0&#8243; _module_preset=&#8221;default&#8221; global_colors_info=&#8221;{}&#8221;][et_pb_text _builder_version=&#8221;4.24.2&#8243; _module_preset=&#8221;e8eb64ec-e716-4eee-b51b-82b85824cda2&#8243; header_2_font=&#8221;Montserrat|600|||||||&#8221; header_2_font_size=&#8221;46px&#8221; custom_margin=&#8221;||10px||false|false&#8221; global_colors_info=&#8221;{}&#8221;]<\/p>\n<h2>Obr\u00f3bka<\/h2>\n<p>[\/et_pb_text][et_pb_text _builder_version=&#8221;4.24.2&#8243; _module_preset=&#8221;343a63da-c850-48f4-a71a-bf6ffebf9f9d&#8221; global_colors_info=&#8221;{}&#8221;]<\/p>\n<p>Obr\u00f3bka graficzna w naszym Studiu DTP to zaawansowany proces, kt\u00f3ry zapewnia, \u017ce ka\u017cdy projekt jest odpowiednio przygotowany do druku. Skupiamy si\u0119 na korekcji kolor\u00f3w, retuszu i optymalizacji plik\u00f3w, aby zachowa\u0107 najwy\u017csz\u0105 jako\u015b\u0107 obrazu. Dzi\u0119ki nowoczesnym narz\u0119dziom i do\u015bwiadczeniu naszych specjalist\u00f3w, obr\u00f3bka pozwala na uzyskanie idealnych rezultat\u00f3w, kt\u00f3re w pe\u0142ni oddaj\u0105 zamys\u0142 klienta. Ka\u017cdy etap jest kontrolowany, aby zapewni\u0107, \u017ce finalny wydruk b\u0119dzie perfekcyjny zar\u00f3wno pod wzgl\u0119dem technicznym, jak i wizualnym.<\/p>\n<p>&nbsp;<\/p>\n<ul>\n<li><strong>Korekcja kolor\u00f3w<\/strong> w celu uzyskania dok\u0142adnego odwzorowania barw.<\/li>\n<li><strong>Optymalizacja rozdzielczo\u015bci<\/strong> dla zachowania ostro\u015bci i szczeg\u00f3\u0142owo\u015bci grafiki.<\/li>\n<li><strong>Retusz i dopracowanie element\u00f3w wizualnych<\/strong>, aby projekt by\u0142 gotowy do druku.<\/li>\n<\/ul>\n<p>[\/et_pb_text][\/et_pb_column][et_pb_column type=&#8221;2_5&#8243; _builder_version=&#8221;4.24.2&#8243; _module_preset=&#8221;default&#8221; global_colors_info=&#8221;{}&#8221;][et_pb_image src=&#8221;http:\/\/grafit24.pl\/wp-content\/uploads\/2024\/07\/DTP.3_Obrobka_kopia.png&#8221; title_text=&#8221;DTP.3_Obrobka_kopia&#8221; show_bottom_space=&#8221;off&#8221; _builder_version=&#8221;4.24.2&#8243; _module_preset=&#8221;default&#8221; transform_scale_tablet=&#8221;&#8221; transform_scale_phone=&#8221;&#8221; transform_scale_last_edited=&#8221;on|desktop&#8221; transform_translate_tablet=&#8221;&#8221; transform_translate_phone=&#8221;&#8221; transform_translate_last_edited=&#8221;on|desktop&#8221; transform_rotate_tablet=&#8221;&#8221; transform_rotate_phone=&#8221;&#8221; transform_rotate_last_edited=&#8221;on|desktop&#8221; transform_skew_tablet=&#8221;&#8221; transform_skew_phone=&#8221;&#8221; transform_skew_last_edited=&#8221;on|desktop&#8221; transform_origin_tablet=&#8221;&#8221; transform_origin_phone=&#8221;&#8221; transform_origin_last_edited=&#8221;on|desktop&#8221; transform_styles_last_edited=&#8221;on|desktop&#8221; custom_margin=&#8221;-50px||0px||false|false&#8221; custom_margin_tablet=&#8221;-120px||0px||false|false&#8221; custom_margin_phone=&#8221;-120px||0px||false|false&#8221; custom_margin_last_edited=&#8221;on|desktop&#8221; custom_padding=&#8221;||||false|false&#8221; transform_styles_tablet=&#8221;&#8221; transform_styles_phone=&#8221;&#8221; global_colors_info=&#8221;{}&#8221;][\/et_pb_image][\/et_pb_column][\/et_pb_row][et_pb_row column_structure=&#8221;2_5,3_5&#8243; _builder_version=&#8221;4.24.2&#8243; _module_preset=&#8221;default&#8221; custom_margin=&#8221;||50px||false|false&#8221; custom_margin_tablet=&#8221;||50px||false|false&#8221; custom_margin_phone=&#8221;||50px||false|false&#8221; custom_margin_last_edited=&#8221;on|phone&#8221; animation_style=&#8221;slide&#8221; animation_direction=&#8221;right&#8221; animation_duration=&#8221;1200ms&#8221; locked=&#8221;off&#8221; global_colors_info=&#8221;{}&#8221;][et_pb_column type=&#8221;2_5&#8243; _builder_version=&#8221;4.21.0&#8243; _module_preset=&#8221;default&#8221; global_colors_info=&#8221;{}&#8221;][et_pb_image src=&#8221;http:\/\/grafit24.pl\/wp-content\/uploads\/2024\/07\/DTP.1_Projektowanie_graficzne_kopia.png&#8221; title_text=&#8221;DTP.1_Projektowanie_graficzne_kopia&#8221; show_bottom_space=&#8221;off&#8221; _builder_version=&#8221;4.24.2&#8243; _module_preset=&#8221;default&#8221; transform_scale_tablet=&#8221;&#8221; transform_scale_phone=&#8221;&#8221; transform_scale_last_edited=&#8221;on|desktop&#8221; transform_translate_tablet=&#8221;&#8221; transform_translate_phone=&#8221;&#8221; transform_translate_last_edited=&#8221;on|desktop&#8221; transform_rotate_tablet=&#8221;&#8221; transform_rotate_phone=&#8221;&#8221; transform_rotate_last_edited=&#8221;on|desktop&#8221; transform_skew_tablet=&#8221;&#8221; transform_skew_phone=&#8221;&#8221; transform_skew_last_edited=&#8221;on|desktop&#8221; transform_origin_tablet=&#8221;&#8221; transform_origin_phone=&#8221;&#8221; transform_origin_last_edited=&#8221;on|desktop&#8221; transform_styles_last_edited=&#8221;on|desktop&#8221; custom_margin=&#8221;-50px||0px||false|false&#8221; custom_margin_tablet=&#8221;-120px||0px||false|false&#8221; custom_margin_phone=&#8221;-120px||0px||false|false&#8221; custom_margin_last_edited=&#8221;on|desktop&#8221; custom_padding=&#8221;||||false|false&#8221; transform_styles_tablet=&#8221;&#8221; transform_styles_phone=&#8221;&#8221; global_colors_info=&#8221;{}&#8221;][\/et_pb_image][\/et_pb_column][et_pb_column type=&#8221;3_5&#8243; _builder_version=&#8221;4.21.0&#8243; _module_preset=&#8221;default&#8221; global_colors_info=&#8221;{}&#8221;][et_pb_text _builder_version=&#8221;4.24.2&#8243; _module_preset=&#8221;e8eb64ec-e716-4eee-b51b-82b85824cda2&#8243; header_2_font=&#8221;Montserrat|600|||||||&#8221; header_2_font_size=&#8221;46px&#8221; custom_margin=&#8221;||10px||false|false&#8221; global_colors_info=&#8221;{}&#8221;]<\/p>\n<h2>Projektowanie<\/h2>\n<p>[\/et_pb_text][et_pb_text _builder_version=&#8221;4.24.2&#8243; _module_preset=&#8221;343a63da-c850-48f4-a71a-bf6ffebf9f9d&#8221; global_colors_info=&#8221;{}&#8221;]<\/p>\n<p>Nasze Studio DTP oferuje r\u00f3wnie\u017c kompleksowe projektowanie graficzne, kt\u00f3re \u0142\u0105czy estetyk\u0119 z doskona\u0142ym przygotowaniem technicznym. Tworzymy projekty, kt\u00f3re nie tylko wygl\u0105daj\u0105 \u015bwietnie, ale s\u0105 r\u00f3wnie\u017c zoptymalizowane pod k\u0105tem druku. Dbamy o to, by ka\u017cdy element graficzny by\u0142 sp\u00f3jny z identyfikacj\u0105 wizualn\u0105 klienta, i spe\u0142nia\u0142 wszystkie wymagania techniczne. Nasz zesp\u00f3\u0142 projektant\u00f3w pracuje z najnowocze\u015bniejszymi programami, by dostarcza\u0107 kreatywne i funkcjonalne rozwi\u0105zania. Dzi\u0119ki temu, ka\u017cdy nasz projekt wyr\u00f3\u017cnia si\u0119 na rynku, i przyci\u0105ga uwag\u0119 odbiorc\u00f3w.<\/p>\n<ul>\n<li><strong>Tworzenie unikalnych projekt\u00f3w<\/strong> dostosowanych do specyficznych potrzeb klienta.<\/li>\n<li><strong>Kreatywne rozwi\u0105zania<\/strong> zgodne z identyfikacj\u0105 wizualn\u0105 marki.<\/li>\n<li><strong>Nowoczesne narz\u0119dzia<\/strong> projektowe gwarantuj\u0105ce precyzj\u0119 i wysok\u0105 jako\u015b\u0107.<\/li>\n<\/ul>\n<p>[\/et_pb_text][\/et_pb_column][\/et_pb_row][et_pb_row column_structure=&#8221;3_5,2_5&#8243; _builder_version=&#8221;4.24.2&#8243; _module_preset=&#8221;default&#8221; custom_margin=&#8221;||50px||false|false&#8221; custom_margin_tablet=&#8221;||50px||false|false&#8221; custom_margin_phone=&#8221;||50px||false|false&#8221; custom_margin_last_edited=&#8221;on|phone&#8221; animation_style=&#8221;slide&#8221; animation_direction=&#8221;left&#8221; animation_duration=&#8221;1200ms&#8221; locked=&#8221;off&#8221; global_colors_info=&#8221;{}&#8221;][et_pb_column type=&#8221;3_5&#8243; _builder_version=&#8221;4.21.0&#8243; _module_preset=&#8221;default&#8221; global_colors_info=&#8221;{}&#8221;][et_pb_text _builder_version=&#8221;4.24.2&#8243; _module_preset=&#8221;e8eb64ec-e716-4eee-b51b-82b85824cda2&#8243; header_2_font=&#8221;Montserrat|600|||||||&#8221; header_2_font_size=&#8221;46px&#8221; custom_margin=&#8221;||10px||false|false&#8221; global_colors_info=&#8221;{}&#8221;]<\/p>\n<h2>Wykonywanie wszelkich form drukarskich flexo i offset<\/h2>\n<p>[\/et_pb_text][et_pb_text _builder_version=&#8221;4.24.2&#8243; _module_preset=&#8221;343a63da-c850-48f4-a71a-bf6ffebf9f9d&#8221; global_colors_info=&#8221;{}&#8221;]<\/p>\n<p>Wykonywanie form drukarskich w technologiach flexo i offset to nasza specjalno\u015b\u0107. Zapewniamy wysok\u0105 jako\u015b\u0107 przygotowania form, kt\u00f3re s\u0105 niezb\u0119dne do uzyskania perfekcyjnych wynik\u00f3w w procesie druku. Nasze formy s\u0105 precyzyjnie dopasowane do potrzeb klienta, co gwarantuje idealne odwzorowanie detali graficznych i kolorystycznych. Stawiamy na trwa\u0142e materia\u0142y, kt\u00f3re zapewniaj\u0105 d\u0142ug\u0105 \u017cywotno\u015b\u0107 form, i ich odporno\u015b\u0107 na intensywne u\u017cytkowanie. Z naszymi formami drukarskimi mo\u017cesz liczy\u0107 na doskona\u0142e efekty w ka\u017cdej realizacji.<\/p>\n<p>&nbsp;<\/p>\n<ul>\n<li><strong>Szczeg\u00f3\u0142owe odwzorowanie<\/strong> detali graficznych i kolor\u00f3w.<\/li>\n<li><strong>Trwa\u0142e i wytrzyma\u0142e formy<\/strong>, kt\u00f3re sprawdzaj\u0105 si\u0119 w d\u0142ugich nak\u0142adach.<\/li>\n<li><strong>Elastyczno\u015b\u0107 w dopasowaniu form<\/strong> do r\u00f3\u017cnych technologii druku.<\/li>\n<\/ul>\n<p>[\/et_pb_text][\/et_pb_column][et_pb_column type=&#8221;2_5&#8243; _builder_version=&#8221;4.24.2&#8243; _module_preset=&#8221;default&#8221; global_colors_info=&#8221;{}&#8221;][et_pb_image src=&#8221;http:\/\/grafit24.pl\/wp-content\/uploads\/2024\/07\/wykonywanie_wszelkich_form_drukarskich_flexo_i_offseet_ikona_CodeCraze.png&#8221; title_text=&#8221;wykonywanie_wszelkich_form_drukarskich_flexo_i_offseet_ikona_CodeCraze&#8221; show_bottom_space=&#8221;off&#8221; _builder_version=&#8221;4.24.2&#8243; _module_preset=&#8221;default&#8221; transform_scale_tablet=&#8221;&#8221; transform_scale_phone=&#8221;&#8221; transform_scale_last_edited=&#8221;on|desktop&#8221; transform_translate_tablet=&#8221;&#8221; transform_translate_phone=&#8221;&#8221; transform_translate_last_edited=&#8221;on|desktop&#8221; transform_rotate_tablet=&#8221;&#8221; transform_rotate_phone=&#8221;&#8221; transform_rotate_last_edited=&#8221;on|desktop&#8221; transform_skew_tablet=&#8221;&#8221; transform_skew_phone=&#8221;&#8221; transform_skew_last_edited=&#8221;on|desktop&#8221; transform_origin_tablet=&#8221;&#8221; transform_origin_phone=&#8221;&#8221; transform_origin_last_edited=&#8221;on|desktop&#8221; transform_styles_last_edited=&#8221;on|desktop&#8221; custom_margin=&#8221;0px||0px||false|false&#8221; custom_margin_tablet=&#8221;-120px||0px||false|false&#8221; custom_margin_phone=&#8221;-120px||0px||false|false&#8221; custom_margin_last_edited=&#8221;on|desktop&#8221; custom_padding=&#8221;||||false|false&#8221; transform_styles_tablet=&#8221;&#8221; transform_styles_phone=&#8221;&#8221; global_colors_info=&#8221;{}&#8221;][\/et_pb_image][\/et_pb_column][\/et_pb_row][\/et_pb_section]<\/p>\n","protected":false},"excerpt":{"rendered":"<p>TechnologieStudio DTPNasze Studio DTP to miejsce, gdzie kreatywno\u015b\u0107 spotyka si\u0119 z technologi\u0105. Zajmujemy si\u0119 profesjonalnym przygotowaniem plik\u00f3w do druku, od koncepcji graficznej po finaln\u0105 obr\u00f3bk\u0119 techniczn\u0105. Dzi\u0119ki nowoczesnym narz\u0119dziom i do\u015bwiadczonemu zespo\u0142owi gwarantujemy najwy\u017csz\u0105 jako\u015b\u0107 na ka\u017cdym etapie realizacji projektu.Przygotowanie projekt\u00f3wNasze Studio DTP specjalizuje si\u0119 w profesjonalnym przygotowywaniu projekt\u00f3w do druku, dbaj\u0105c o ka\u017cdy detal [&hellip;]<\/p>\n","protected":false},"author":1,"featured_media":0,"parent":0,"menu_order":0,"comment_status":"closed","ping_status":"closed","template":"","meta":{"_et_pb_use_builder":"on","_et_pb_old_content":"","_et_gb_content_width":"","footnotes":""},"class_list":["post-8060","page","type-page","status-publish","hentry"],"_links":{"self":[{"href":"https:\/\/grafit24.pl\/index.php?rest_route=\/wp\/v2\/pages\/8060","targetHints":{"allow":["GET"]}}],"collection":[{"href":"https:\/\/grafit24.pl\/index.php?rest_route=\/wp\/v2\/pages"}],"about":[{"href":"https:\/\/grafit24.pl\/index.php?rest_route=\/wp\/v2\/types\/page"}],"author":[{"embeddable":true,"href":"https:\/\/grafit24.pl\/index.php?rest_route=\/wp\/v2\/users\/1"}],"replies":[{"embeddable":true,"href":"https:\/\/grafit24.pl\/index.php?rest_route=%2Fwp%2Fv2%2Fcomments&post=8060"}],"version-history":[{"count":33,"href":"https:\/\/grafit24.pl\/index.php?rest_route=\/wp\/v2\/pages\/8060\/revisions"}],"predecessor-version":[{"id":8519,"href":"https:\/\/grafit24.pl\/index.php?rest_route=\/wp\/v2\/pages\/8060\/revisions\/8519"}],"wp:attachment":[{"href":"https:\/\/grafit24.pl\/index.php?rest_route=%2Fwp%2Fv2%2Fmedia&parent=8060"}],"curies":[{"name":"wp","href":"https:\/\/api.w.org\/{rel}","templated":true}]}}