{"id":8097,"date":"2024-07-10T14:29:29","date_gmt":"2024-07-10T12:29:29","guid":{"rendered":"https:\/\/dev-grafit-test.pantheonsite.io\/?page_id=8097"},"modified":"2024-09-23T10:31:39","modified_gmt":"2024-09-23T08:31:39","slug":"uszlachetnianie","status":"publish","type":"page","link":"https:\/\/grafit24.pl\/?page_id=8097","title":{"rendered":"Uszlachetnianie"},"content":{"rendered":"<p>[et_pb_section fb_built=&#8221;1&#8243; admin_label=&#8221;Header&#8221; _builder_version=&#8221;4.24.2&#8243; _module_preset=&#8221;default&#8221; custom_margin=&#8221;3vw|3vw|3vw|3vw|true|true&#8221; custom_padding=&#8221;||8vw||false|false&#8221; background_mask_aspect_ratio_tablet=&#8221;portrait&#8221; custom_css_free_form=&#8221;.selector {||  text-align: center;||}&#8221; border_radii=&#8221;on|1.5vw|1.5vw|1.5vw|1.5vw&#8221; locked=&#8221;off&#8221; collapsed=&#8221;on&#8221; global_colors_info=&#8221;{%22gcid-64653083-5242-43fe-8dfb-3d72435526c0%22:%91%22background_color_gradient_stops%22,%22background_color_gradient_stops%22%93}&#8221; use_background_color_gradient=&#8221;on&#8221; background_last_edited=&#8221;on|tablet&#8221; background_color_gradient_type=&#8221;circular&#8221; background_color_gradient_direction_radial=&#8221;bottom&#8221; background_color_gradient_stops=&#8221;gcid-64653083-5242-43fe-8dfb-3d72435526c0 0%|gcid-a2ad28b5-d28e-4d1e-9e4d-81a3653a5561 50%|#000000 100%&#8221; background_image=&#8221;http:\/\/grafit24.pl\/wp-content\/uploads\/2024\/08\/Path_1.png&#8221; background_size=&#8221;contain&#8221; background_position=&#8221;bottom_center&#8221;][et_pb_row make_equal=&#8221;on&#8221; _builder_version=&#8221;4.24.2&#8243; _module_preset=&#8221;default&#8221; width=&#8221;37%&#8221; module_alignment=&#8221;center&#8221; min_height=&#8221;250.4px&#8221; custom_margin=&#8221;||||false|false&#8221; custom_margin_tablet=&#8221;|35px||35px|false|true&#8221; custom_margin_phone=&#8221;|20px||20px|false|true&#8221; custom_margin_last_edited=&#8221;on|desktop&#8221; custom_padding=&#8221;||||false|false&#8221; locked=&#8221;off&#8221; global_colors_info=&#8221;{}&#8221;][et_pb_column type=&#8221;4_4&#8243; _builder_version=&#8221;4.24.2&#8243; _module_preset=&#8221;default&#8221; global_colors_info=&#8221;{}&#8221;][et_pb_text _builder_version=&#8221;4.24.2&#8243; _module_preset=&#8221;33c5aa37-7acf-4eee-a99d-47564da11d5b&#8221; header_4_text_color=&#8221;gcid-b25270ff-80a4-43b3-b4f7-60812cb04374&#8243; text_orientation=&#8221;center&#8221; global_colors_info=&#8221;{%22gcid-b25270ff-80a4-43b3-b4f7-60812cb04374%22:%91%22header_4_text_color%22%93}&#8221;]<\/p>\n<h4>Technologie<\/h4>\n<p>[\/et_pb_text][et_pb_text _builder_version=&#8221;4.24.2&#8243; _module_preset=&#8221;fbb80b06-22e3-4446-9f39-0f8fb150080f&#8221; header_text_color=&#8221;#FFFFFF&#8221; header_font_size=&#8221;69px&#8221; text_orientation=&#8221;center&#8221; width=&#8221;106%&#8221; module_alignment=&#8221;left&#8221; custom_margin=&#8221;||10px||false|false&#8221; global_colors_info=&#8221;{}&#8221;]<\/p>\n<h1>Uszlachetnienie<\/h1>\n<p>[\/et_pb_text][et_pb_text _builder_version=&#8221;4.24.2&#8243; _module_preset=&#8221;d6ba0af4-6342-48b5-9884-9ff711053ff0&#8243; text_text_color=&#8221;#FFFFFF&#8221; text_orientation=&#8221;center&#8221; width=&#8221;106%&#8221; global_colors_info=&#8221;{}&#8221;]<\/p>\n<p>Uszlachetnienie to proces, kt\u00f3ry pozwala nada\u0107 wydrukom luksusowy wygl\u0105d i dodatkow\u0105 trwa\u0142o\u015b\u0107. Techniki takie jak z\u0142ocenie czy t\u0142oczenie pozwalaj\u0105 wyr\u00f3\u017cni\u0107 kluczowe elementy produktu, zwi\u0119kszaj\u0105c jego atrakcyjno\u015b\u0107 wizualn\u0105. Uszlachetnienie to idealne rozwi\u0105zanie dla opakowa\u0144, wizyt\u00f3wek czy zaprosze\u0144, kt\u00f3re maj\u0105 robi\u0107 wra\u017cenie na odbiorcach, i wyr\u00f3\u017cni\u0107 tw\u00f3j projekt na tle konkurencji.<\/p>\n<p>[\/et_pb_text][\/et_pb_column][\/et_pb_row][\/et_pb_section][et_pb_section fb_built=&#8221;1&#8243; admin_label=&#8221;Header&#8221; _builder_version=&#8221;4.24.2&#8243; _module_preset=&#8221;default&#8221; background_image=&#8221;http:\/\/grafit24.pl\/wp-content\/uploads\/2024\/08\/uszlachetnienie.png&#8221; background_size=&#8221;contain&#8221; background_position=&#8221;bottom_center&#8221; custom_margin=&#8221;4vw|3vw|4vw|3vw|true|true&#8221; custom_padding=&#8221;||12vw||false|false&#8221; background_last_edited=&#8221;on|tablet&#8221; background_mask_aspect_ratio_tablet=&#8221;portrait&#8221; custom_css_free_form=&#8221;.selector {||  text-align: center;||}&#8221; border_radii=&#8221;on|1.5vw|1.5vw|1.5vw|1.5vw&#8221; locked=&#8221;off&#8221; collapsed=&#8221;on&#8221; global_colors_info=&#8221;{%22gcid-64653083-5242-43fe-8dfb-3d72435526c0%22:%91%22background_color_gradient_stops%22%93}&#8221;][\/et_pb_section][et_pb_section fb_built=&#8221;1&#8243; admin_label=&#8221;Project&#8221; _builder_version=&#8221;4.21.0&#8243; _module_preset=&#8221;default&#8221; locked=&#8221;off&#8221; collapsed=&#8221;on&#8221; global_colors_info=&#8221;{}&#8221;][et_pb_row column_structure=&#8221;3_5,2_5&#8243; _builder_version=&#8221;4.24.2&#8243; _module_preset=&#8221;default&#8221; custom_margin=&#8221;0px||50px||false|false&#8221; custom_margin_tablet=&#8221;||50px||false|false&#8221; custom_margin_phone=&#8221;||50px||false|false&#8221; custom_margin_last_edited=&#8221;on|phone&#8221; animation_style=&#8221;slide&#8221; animation_direction=&#8221;left&#8221; animation_duration=&#8221;1200ms&#8221; global_colors_info=&#8221;{}&#8221;][et_pb_column type=&#8221;3_5&#8243; _builder_version=&#8221;4.21.0&#8243; _module_preset=&#8221;default&#8221; global_colors_info=&#8221;{}&#8221;][et_pb_text _builder_version=&#8221;4.24.2&#8243; _module_preset=&#8221;e8eb64ec-e716-4eee-b51b-82b85824cda2&#8243; header_2_font=&#8221;Montserrat|600|||||||&#8221; header_2_font_size=&#8221;46px&#8221; custom_margin=&#8221;||10px||false|false&#8221; global_colors_info=&#8221;{}&#8221;]<\/p>\n<h2>Z\u0142ocenie<\/h2>\n<p>[\/et_pb_text][et_pb_text _builder_version=&#8221;4.24.2&#8243; _module_preset=&#8221;343a63da-c850-48f4-a71a-bf6ffebf9f9d&#8221; global_colors_info=&#8221;{}&#8221;]<\/p>\n<p>Z\u0142ocenie to jedna z najbardziej efektownych technik uszlachetniania druku, kt\u00f3ra nadaje materia\u0142om wyj\u0105tkowy, luksusowy wygl\u0105d. Proces polega na nanoszeniu cienkiej warstwy metalicznej folii na wybrane elementy projektu, takie jak logo, napisy czy grafiki. Dzi\u0119ki temu zabiegowi, produkty zyskuj\u0105 elegancj\u0119 i presti\u017c, wyr\u00f3\u017cniaj\u0105c si\u0119 na tle innych, i buduj\u0105c wra\u017cenie luksusowo\u015bci marki. Z\u0142ocenie nie tylko podkre\u015bla wa\u017cne elementy projektu, ale r\u00f3wnie\u017c zwi\u0119ksza jego trwa\u0142o\u015b\u0107, chroni\u0105c powierzchni\u0119 przed \u015bcieraniem. Technika ta jest idealna do ekskluzywnych materia\u0142\u00f3w reklamowych, opakowa\u0144 oraz produkt\u00f3w promocyjnych, gdzie kluczowy jest efekt wizualny, szczeg\u00f3lnie, \u017ce mo\u017cna j\u0105 wykorzystywa\u0107 na r\u00f3\u017cnych powierzchniach, np. na kartonie czy papierze. Z\u0142ocenie dodaje projektom eleganckiego blasku, kt\u00f3ry przyci\u0105ga wzrok i podkre\u015bla profesjonalizm Twojej marki.<\/p>\n<p><strong>Najlepiej sprawdzi si\u0119 w:<\/strong><\/p>\n<ul>\n<li><strong>Ekskluzywnych opakowaniach i pude\u0142kach na produkty.<\/strong><\/li>\n<li><strong>Certyfikatach i dyplomach o eleganckim wyko\u0144czeniu.<\/strong><\/li>\n<li><strong>Wizyt\u00f3wkach i zaproszeniach okoliczno\u015bciowych.<\/strong><\/li>\n<li><strong>Katalogach i broszurach reklamowych premium.<\/strong><\/li>\n<li><strong>Ok\u0142adkach ksi\u0105\u017cek i albumach ze zdj\u0119ciami.<\/strong><\/li>\n<\/ul>\n<p>[\/et_pb_text][\/et_pb_column][et_pb_column type=&#8221;2_5&#8243; _builder_version=&#8221;4.24.2&#8243; _module_preset=&#8221;default&#8221; global_colors_info=&#8221;{}&#8221;][et_pb_image src=&#8221;http:\/\/grafit24.pl\/wp-content\/uploads\/2024\/07\/2.4.-zlocenie.png&#8221; title_text=&#8221;2.4. z\u0142ocenie&#8221; show_bottom_space=&#8221;off&#8221; _builder_version=&#8221;4.24.2&#8243; _module_preset=&#8221;default&#8221; transform_scale_tablet=&#8221;&#8221; transform_scale_phone=&#8221;&#8221; transform_scale_last_edited=&#8221;on|desktop&#8221; transform_translate_tablet=&#8221;&#8221; transform_translate_phone=&#8221;&#8221; transform_translate_last_edited=&#8221;on|desktop&#8221; transform_rotate_tablet=&#8221;&#8221; transform_rotate_phone=&#8221;&#8221; transform_rotate_last_edited=&#8221;on|desktop&#8221; transform_skew_tablet=&#8221;&#8221; transform_skew_phone=&#8221;&#8221; transform_skew_last_edited=&#8221;on|desktop&#8221; transform_origin_tablet=&#8221;&#8221; transform_origin_phone=&#8221;&#8221; transform_origin_last_edited=&#8221;on|desktop&#8221; transform_styles_last_edited=&#8221;on|desktop&#8221; custom_margin=&#8221;-50px||0px||false|false&#8221; custom_margin_tablet=&#8221;-120px||0px||false|false&#8221; custom_margin_phone=&#8221;-120px||0px||false|false&#8221; custom_margin_last_edited=&#8221;on|desktop&#8221; custom_padding=&#8221;||||false|false&#8221; transform_styles_tablet=&#8221;&#8221; transform_styles_phone=&#8221;&#8221; global_colors_info=&#8221;{}&#8221;][\/et_pb_image][\/et_pb_column][\/et_pb_row][et_pb_row column_structure=&#8221;2_5,3_5&#8243; _builder_version=&#8221;4.24.2&#8243; _module_preset=&#8221;default&#8221; custom_margin=&#8221;||50px||false|false&#8221; custom_margin_tablet=&#8221;||50px||false|false&#8221; custom_margin_phone=&#8221;||50px||false|false&#8221; custom_margin_last_edited=&#8221;on|phone&#8221; animation_style=&#8221;slide&#8221; animation_direction=&#8221;right&#8221; animation_duration=&#8221;1200ms&#8221; locked=&#8221;off&#8221; global_colors_info=&#8221;{}&#8221;][et_pb_column type=&#8221;2_5&#8243; _builder_version=&#8221;4.21.0&#8243; _module_preset=&#8221;default&#8221; global_colors_info=&#8221;{}&#8221;][et_pb_image src=&#8221;http:\/\/grafit24.pl\/wp-content\/uploads\/2024\/07\/2.5.-tloczenie.png&#8221; title_text=&#8221;2.5. t\u0142oczenie&#8221; show_bottom_space=&#8221;off&#8221; _builder_version=&#8221;4.24.2&#8243; _module_preset=&#8221;default&#8221; transform_scale_tablet=&#8221;&#8221; transform_scale_phone=&#8221;&#8221; transform_scale_last_edited=&#8221;on|desktop&#8221; transform_translate_tablet=&#8221;&#8221; transform_translate_phone=&#8221;&#8221; transform_translate_last_edited=&#8221;on|desktop&#8221; transform_rotate_tablet=&#8221;&#8221; transform_rotate_phone=&#8221;&#8221; transform_rotate_last_edited=&#8221;on|desktop&#8221; transform_skew_tablet=&#8221;&#8221; transform_skew_phone=&#8221;&#8221; transform_skew_last_edited=&#8221;on|desktop&#8221; transform_origin_tablet=&#8221;&#8221; transform_origin_phone=&#8221;&#8221; transform_origin_last_edited=&#8221;on|desktop&#8221; transform_styles_last_edited=&#8221;on|desktop&#8221; custom_margin=&#8221;-50px||0px||false|false&#8221; custom_margin_tablet=&#8221;-120px||0px||false|false&#8221; custom_margin_phone=&#8221;-120px||0px||false|false&#8221; custom_margin_last_edited=&#8221;on|desktop&#8221; custom_padding=&#8221;||||false|false&#8221; transform_styles_tablet=&#8221;&#8221; transform_styles_phone=&#8221;&#8221; global_colors_info=&#8221;{}&#8221;][\/et_pb_image][\/et_pb_column][et_pb_column type=&#8221;3_5&#8243; _builder_version=&#8221;4.21.0&#8243; _module_preset=&#8221;default&#8221; global_colors_info=&#8221;{}&#8221;][et_pb_text _builder_version=&#8221;4.24.2&#8243; _module_preset=&#8221;e8eb64ec-e716-4eee-b51b-82b85824cda2&#8243; header_2_font=&#8221;Montserrat|600|||||||&#8221; header_2_font_size=&#8221;46px&#8221; custom_margin=&#8221;||10px||false|false&#8221; global_colors_info=&#8221;{}&#8221;]<\/p>\n<h2>T\u0142oczenie<\/h2>\n<p>[\/et_pb_text][et_pb_text _builder_version=&#8221;4.24.2&#8243; _module_preset=&#8221;343a63da-c850-48f4-a71a-bf6ffebf9f9d&#8221; global_colors_info=&#8221;{}&#8221;]<\/p>\n<p>T\u0142oczenie to zaawansowana technika druku, kt\u00f3ra pozwala na stworzenie wyra\u017anych, tr\u00f3jwymiarowych detali na powierzchni papieru lub kartonu. W procesie tym stosuje si\u0119 specjalne matryce, kt\u00f3re wyt\u0142aczaj\u0105 wybrane elementy, takie jak logo, napisy czy grafiki, co nadaje gotowym produktom wyj\u0105tkowy charakter. T\u0142oczenie to doskona\u0142y spos\u00f3b na podkre\u015blenie kluczowych element\u00f3w projektu, i nadanie mu luksusowego wygl\u0105du. Jest to idealne rozwi\u0105zanie dla materia\u0142\u00f3w promocyjnych, opakowa\u0144 premium oraz wizyt\u00f3wek, kt\u00f3re maj\u0105 wyr\u00f3\u017cnia\u0107 si\u0119 elegancj\u0105 i profesjonalizmem. Dzi\u0119ki t\u0142oczeniu projekt zyskuje wyj\u0105tkow\u0105 faktur\u0119 i przyjemno\u015b\u0107 w dotyku, co sprawia, \u017ce staje si\u0119 bardziej atrakcyjny dla odbiorcy. W po\u0142\u0105czeniu ze z\u0142oceniem, kt\u00f3re cz\u0119sto jest nieod\u0142\u0105cznym elementem t\u0142oczenia, Twoja marka nada swoim produktom wyj\u0105tkowo\u015bci i elegancji, a klientowi da poczucie obcowania z towarem luksusowym.<\/p>\n<p><strong>Najlepiej sprawdzi si\u0119 w:<\/strong><\/p>\n<ul>\n<li><strong>Eleganckich wizyt\u00f3wkach i zaproszeniach o tr\u00f3jwymiarowym wyko\u0144czeniu.<\/strong><\/li>\n<li><strong>Certyfikatach i dyplomach okoliczno\u015bciowych z wyt\u0142oczonymi detalami.<\/strong><\/li>\n<li><strong>Katalogach i broszurach reklamowych z t\u0142oczonym logo marki.<\/strong><\/li>\n<li><strong>Luksusowych opakowaniach na kosmetyki i alkohole.<\/strong><\/li>\n<li><strong>Opakowaniach premium z wyr\u00f3\u017cnionymi detalami.<\/strong><\/li>\n<\/ul>\n<p>[\/et_pb_text][\/et_pb_column][\/et_pb_row][\/et_pb_section]<\/p>\n","protected":false},"excerpt":{"rendered":"<p>TechnologieUszlachetnienieUszlachetnienie to proces, kt\u00f3ry pozwala nada\u0107 wydrukom luksusowy wygl\u0105d i dodatkow\u0105 trwa\u0142o\u015b\u0107. Techniki takie jak z\u0142ocenie czy t\u0142oczenie pozwalaj\u0105 wyr\u00f3\u017cni\u0107 kluczowe elementy produktu, zwi\u0119kszaj\u0105c jego atrakcyjno\u015b\u0107 wizualn\u0105. Uszlachetnienie to idealne rozwi\u0105zanie dla opakowa\u0144, wizyt\u00f3wek czy zaprosze\u0144, kt\u00f3re maj\u0105 robi\u0107 wra\u017cenie na odbiorcach, i wyr\u00f3\u017cni\u0107 tw\u00f3j projekt na tle konkurencji.Z\u0142ocenieZ\u0142ocenie to jedna z najbardziej efektownych technik [&hellip;]<\/p>\n","protected":false},"author":1,"featured_media":0,"parent":0,"menu_order":0,"comment_status":"closed","ping_status":"closed","template":"","meta":{"_et_pb_use_builder":"on","_et_pb_old_content":"","_et_gb_content_width":"","footnotes":""},"class_list":["post-8097","page","type-page","status-publish","hentry"],"_links":{"self":[{"href":"https:\/\/grafit24.pl\/index.php?rest_route=\/wp\/v2\/pages\/8097","targetHints":{"allow":["GET"]}}],"collection":[{"href":"https:\/\/grafit24.pl\/index.php?rest_route=\/wp\/v2\/pages"}],"about":[{"href":"https:\/\/grafit24.pl\/index.php?rest_route=\/wp\/v2\/types\/page"}],"author":[{"embeddable":true,"href":"https:\/\/grafit24.pl\/index.php?rest_route=\/wp\/v2\/users\/1"}],"replies":[{"embeddable":true,"href":"https:\/\/grafit24.pl\/index.php?rest_route=%2Fwp%2Fv2%2Fcomments&post=8097"}],"version-history":[{"count":13,"href":"https:\/\/grafit24.pl\/index.php?rest_route=\/wp\/v2\/pages\/8097\/revisions"}],"predecessor-version":[{"id":8460,"href":"https:\/\/grafit24.pl\/index.php?rest_route=\/wp\/v2\/pages\/8097\/revisions\/8460"}],"wp:attachment":[{"href":"https:\/\/grafit24.pl\/index.php?rest_route=%2Fwp%2Fv2%2Fmedia&parent=8097"}],"curies":[{"name":"wp","href":"https:\/\/api.w.org\/{rel}","templated":true}]}}